{"id":538,"date":"2018-07-15T13:37:21","date_gmt":"2018-07-15T13:37:21","guid":{"rendered":"http:\/\/mittner.de\/?page_id=538"},"modified":"2020-06-14T10:14:15","modified_gmt":"2020-06-14T10:14:15","slug":"schaetze-alt-neu","status":"publish","type":"page","link":"https:\/\/mittner.de\/?page_id=538","title":{"rendered":"Sch\u00e4tze ALT + NEU"},"content":{"rendered":"<p class=\"Ueberschrift_links\" style=\"text-align: center;\"><span class=\"BODY\" style=\"font-family: 'times new roman', times, serif; font-size: 18pt;\"><span class=\"Schrift10\"><span class=\"Schrift8\"><span class=\"Ueberschrift\"><span style=\"color: #000000;\"><b><span style=\"color: #008040;\">F\u00fcr Sammler, Liebhaber und begeisterte Neueinsteiger<\/span><\/b><\/span><\/span><\/span><\/span><\/span><\/p>\n<p class=\"Ueberschrift_zentriert\" style=\"text-align: center;\" align=\"center\"><span style=\"color: #000000; font-family: arial, helvetica, sans-serif; font-size: 14pt;\"><b class=\"Ueberschrift_zentriert\">Besuchen Sie die Ausstellungsr\u00e4ume und das Freigel\u00e4nde<\/b><\/span><\/p>\n<p class=\"Ueberschrift_zentriert\" style=\"text-align: center;\" align=\"left\"><span style=\"color: #000000; font-family: arial, helvetica, sans-serif; font-size: 14pt;\"><b class=\"Ueberschrift_zentriert\">Tr\u00e4nkgasse 12<\/b><\/span><\/p>\n<p align=\"left\"><a href=\"https:\/\/mittner.de\/wp-content\/uploads\/2018\/07\/Schaetze_Schild-3.jpeg\"><img loading=\"lazy\" class=\"aligncenter wp-image-551 size-medium\" src=\"https:\/\/mittner.de\/wp-content\/uploads\/2018\/07\/Schaetze_Schild-3-300x143.jpeg\" alt=\"\" width=\"300\" height=\"143\" srcset=\"https:\/\/mittner.de\/wp-content\/uploads\/2018\/07\/Schaetze_Schild-3-300x143.jpeg 300w, https:\/\/mittner.de\/wp-content\/uploads\/2018\/07\/Schaetze_Schild-3.jpeg 509w\" sizes=\"(max-width: 300px) 100vw, 300px\" \/><\/a><\/p>\n<p style=\"text-align: center;\" align=\"left\"><span style=\"font-family: arial, helvetica, sans-serif; font-size: 14pt; color: #000000;\">Mit dem Sch\u00f6nen lieb\u00e4ugeln, begehren und es erobern<\/span><\/p>\n<div class=\"mceTemp\"><\/div>\n<p align=\"left\"><a href=\"https:\/\/mittner.de\/wp-content\/uploads\/2018\/07\/Eingang_100.jpg\"><img loading=\"lazy\" class=\"aligncenter size-medium wp-image-146\" src=\"https:\/\/mittner.de\/wp-content\/uploads\/2018\/07\/Eingang_100-300x225.jpg\" alt=\"\" width=\"300\" height=\"225\" srcset=\"https:\/\/mittner.de\/wp-content\/uploads\/2018\/07\/Eingang_100-300x225.jpg 300w, https:\/\/mittner.de\/wp-content\/uploads\/2018\/07\/Eingang_100-768x576.jpg 768w, https:\/\/mittner.de\/wp-content\/uploads\/2018\/07\/Eingang_100.jpg 800w\" sizes=\"(max-width: 300px) 100vw, 300px\" \/><\/a><\/p>\n<p style=\"text-align: center;\" align=\"left\"><span style=\"font-family: arial, helvetica, sans-serif; font-size: 14pt;\">BEISPIELE<\/span><\/p>\n<p align=\"left\"><a href=\"https:\/\/mittner.de\/wp-content\/uploads\/2018\/07\/Regal_aussen.jpg\"><img loading=\"lazy\" class=\"aligncenter wp-image-142\" src=\"https:\/\/mittner.de\/wp-content\/uploads\/2018\/07\/Regal_aussen.jpg\" alt=\"\" width=\"357\" height=\"268\" srcset=\"https:\/\/mittner.de\/wp-content\/uploads\/2018\/07\/Regal_aussen.jpg 439w, https:\/\/mittner.de\/wp-content\/uploads\/2018\/07\/Regal_aussen-300x226.jpg 300w\" sizes=\"(max-width: 357px) 100vw, 357px\" \/><\/a><\/p>\n<p align=\"left\"><a href=\"https:\/\/mittner.de\/wp-content\/uploads\/2018\/07\/Rega_innen.jpg\"><img loading=\"lazy\" class=\"aligncenter size-full wp-image-141\" src=\"https:\/\/mittner.de\/wp-content\/uploads\/2018\/07\/Rega_innen.jpg\" alt=\"\" width=\"354\" height=\"266\" srcset=\"https:\/\/mittner.de\/wp-content\/uploads\/2018\/07\/Rega_innen.jpg 354w, https:\/\/mittner.de\/wp-content\/uploads\/2018\/07\/Rega_innen-300x225.jpg 300w\" sizes=\"(max-width: 354px) 100vw, 354px\" \/><\/a><\/p>\n<div align=\"center\"><\/div>\n<div align=\"center\"><\/div>\n<div align=\"center\"><\/div>\n<div align=\"center\"><span class=\"Standart\" style=\"color: #000000;\"><span class=\"BODY\"><b>Tr\u00e4nkgasse 12<\/b><\/span><\/span><\/div>\n<div align=\"center\"><span class=\"Standart\" style=\"color: #000000;\"><span class=\"BODY\"><b>83512 Wasserburg am Inn<\/b><\/span><\/span><\/div>\n<div align=\"center\"><span style=\"color: #000000;\"><b>Inh. Johann Mittner sen.<\/b><\/span><\/div>\n<div align=\"center\"><span style=\"color: #000000;\">St-Nr. 156\/252\/01877<\/span><\/div>\n<div align=\"center\">\n<p><span style=\"color: #000000;\"><span class=\"BODY\"><span class=\"Standart\">Telefon: (0 80 71) 92 40 27 <\/span><\/span><span class=\"BODY\"><span class=\"Standart\"><br \/>\nTelefax: (0 80 71) 9 52 83<\/span><\/span><\/span><\/p>\n<\/div>\n<table style=\"height: 222px; width: 100%; border-collapse: collapse; border-style: none;\">\n<tbody>\n<tr style=\"height: 23px;\">\n<td style=\"width: 100%; height: 15px; border-style: none; text-align: center;\"><span style=\"color: #000000;\"><strong>\u00d6ffnungszeiten<\/strong><\/span><\/td>\n<\/tr>\n<tr style=\"height: 43px; border-style: none;\">\n<td style=\"width: 100%; height: 43px; border-style: none;\">\n<div style=\"text-align: center;\"><span style=\"color: #000000;\"><strong>Montag<\/strong>\u00a0<\/span><\/div>\n<div style=\"text-align: center;\"><span style=\"color: #000000;\">nach Vereinbarung<\/span><\/div>\n<\/td>\n<\/tr>\n<tr style=\"height: 23px;\">\n<td style=\"width: 100%; height: 15px; border-style: none;\">\n<div style=\"text-align: center;\"><span style=\"color: #000000;\"><strong>Dienstag &#8211; Freitag<\/strong><\/span><\/div>\n<div style=\"text-align: center;\"><span style=\"color: #000000;\">09:00 Uhr \u00a0&#8211; \u00a011:45 Uhr\u00a0<\/span><span style=\"color: #000000;\">+\u00a0<\/span><span style=\"color: #000000;\">14:00 Uhr \u00a0&#8211; \u00a017:00 Uhr<\/span><\/div>\n<\/td>\n<\/tr>\n<tr style=\"height: 83px;\">\n<td style=\"width: 100%; height: 83px; border-style: none;\">\n<div style=\"text-align: center;\">\n<div style=\"text-align: center;\"><span style=\"color: #000000;\"><strong>Samstag\u00a0<\/strong><\/span><\/div>\n<div style=\"text-align: center;\"><span style=\"color: #000000;\">von 9:00 Uhr \u00a0&#8211; \u00a013:30 Uhr<\/span><\/div>\n<\/div>\n<\/td>\n<\/tr>\n<\/tbody>\n<\/table>\n<div><\/div>\n<div><\/div>\n<div style=\"text-align: center;\"><span style=\"font-family: arial, helvetica, sans-serif; color: #000000; font-size: 12pt;\"><b>Verkauf und Beratung auch nach <\/b><\/span><span style=\"font-family: arial, helvetica, sans-serif; color: #000000; font-size: 12pt;\"><b>Vereinbarung<\/b><\/span><\/div>\n<p align=\"left\">\n","protected":false},"excerpt":{"rendered":"<p>F\u00fcr Sammler, Liebhaber und begeisterte Neueinsteiger Besuchen Sie die Ausstellungsr\u00e4ume und das Freigel\u00e4nde Tr\u00e4nkgasse 12 Mit dem Sch\u00f6nen lieb\u00e4ugeln, begehren und es erobern BEISPIELE Tr\u00e4nkgasse 12 83512 Wasserburg am Inn Inh. Johann Mittner sen. St-Nr. 156\/252\/01877 Telefon: (0 80 71) 92 40 27 Telefax: (0 80 71) 9 52 83 \u00d6ffnungszeiten Montag\u00a0 nach Vereinbarung Dienstag [&hellip;]<\/p>\n","protected":false},"author":1,"featured_media":0,"parent":0,"menu_order":0,"comment_status":"closed","ping_status":"closed","template":"page-templates\/page-nosidebars.php","meta":[],"_links":{"self":[{"href":"https:\/\/mittner.de\/index.php?rest_route=\/wp\/v2\/pages\/538"}],"collection":[{"href":"https:\/\/mittner.de\/index.php?rest_route=\/wp\/v2\/pages"}],"about":[{"href":"https:\/\/mittner.de\/index.php?rest_route=\/wp\/v2\/types\/page"}],"author":[{"embeddable":true,"href":"https:\/\/mittner.de\/index.php?rest_route=\/wp\/v2\/users\/1"}],"replies":[{"embeddable":true,"href":"https:\/\/mittner.de\/index.php?rest_route=%2Fwp%2Fv2%2Fcomments&post=538"}],"version-history":[{"count":26,"href":"https:\/\/mittner.de\/index.php?rest_route=\/wp\/v2\/pages\/538\/revisions"}],"predecessor-version":[{"id":636,"href":"https:\/\/mittner.de\/index.php?rest_route=\/wp\/v2\/pages\/538\/revisions\/636"}],"wp:attachment":[{"href":"https:\/\/mittner.de\/index.php?rest_route=%2Fwp%2Fv2%2Fmedia&parent=538"}],"curies":[{"name":"wp","href":"https:\/\/api.w.org\/{rel}","templated":true}]}}