{"id":421,"date":"2018-07-15T09:45:31","date_gmt":"2018-07-15T09:45:31","guid":{"rendered":"http:\/\/mittner.de\/?page_id=421"},"modified":"2018-07-16T07:46:40","modified_gmt":"2018-07-16T07:46:40","slug":"produkte-rahmen","status":"publish","type":"page","link":"https:\/\/mittner.de\/?page_id=421","title":{"rendered":"Rahmen"},"content":{"rendered":"<p>&nbsp;<\/p>\n<p style=\"text-align: center;\"><span class=\"BODY\" style=\"font-family: 'times new roman', times, serif; color: #008000; font-size: 18pt;\"><span class=\"Schrift10\"><span class=\"Schrift8\"><span class=\"Ueberschrift\"><b>Ihr Partner f\u00fcr biologisches Wohnen und spezielle Sonderanfertigungen<\/b><\/span><\/span><\/span><\/span><\/p>\n<p style=\"text-align: center;\"><span style=\"font-family: arial, helvetica, sans-serif; font-size: 12pt; color: #000000;\">[ Rahmen ]<\/span><\/p>\n<p>&nbsp;<\/p>\n<p style=\"text-align: center;\"><span style=\"font-family: arial, helvetica, sans-serif; font-size: 12pt; color: #000000;\"><b class=\"Ueberschrift\">Besuchen Sie unsere Schreinerei und Ausstellungsr\u00e4ume<br \/>\n<span class=\"Ueberschrift_zentriert\">in der Tr\u00e4nkgasse 10 <\/span><\/b><\/span><\/p>\n<p>&nbsp;<\/p>\n<p><img loading=\"lazy\" class=\"size-full wp-image-157 aligncenter\" src=\"https:\/\/mittner.de\/wp-content\/uploads\/2018\/07\/tn_rahmen100_bmp.jpg\" alt=\"\" width=\"152\" height=\"98\" srcset=\"https:\/\/mittner.de\/wp-content\/uploads\/2018\/07\/tn_rahmen100_bmp.jpg 152w, https:\/\/mittner.de\/wp-content\/uploads\/2018\/07\/tn_rahmen100_bmp-150x98.jpg 150w\" sizes=\"(max-width: 152px) 100vw, 152px\" \/><\/p>\n<p>&nbsp;<\/p>\n<table class=\"BODY\" style=\"border-style: none; width: 52%;\" border=\"0\" width=\"52%\" cellspacing=\"0\" cellpadding=\"0\" align=\"center\">\n<tbody>\n<tr>\n<td style=\"border-style: none;\">\n<div align=\"center\">\n<p><span style=\"color: #000000;\"><b><span style=\"font-size: large;\">Rahmen<\/span><\/b><\/span><\/p>\n<\/div>\n<\/td>\n<\/tr>\n<tr>\n<td style=\"border-style: none;\">\n<div align=\"center\"><span style=\"color: #000000;\">&#8230;.wir halten eine grosse Auswahl f\u00fcr Sie bereit!<\/span><\/div>\n<\/td>\n<\/tr>\n<tr>\n<td style=\"border-style: none;\"><\/td>\n<\/tr>\n<tr>\n<td style=\"border-style: none;\"><\/td>\n<\/tr>\n<tr>\n<td style=\"border-style: none;\">\n<ul>\n<li><span style=\"color: #000000;\">Bilderrahmen von 24 x 18 cm bis 100 x 70 cm<\/span><\/li>\n<li><span style=\"color: #000000;\">Biedermeierrahmen<\/span><\/li>\n<li><span style=\"color: #000000;\"><span style=\"color: #000000;\">Originelle Bilderrahmen aus <b>altem Holz.<\/b><b><\/b><\/span><\/span><\/li>\n<li><span style=\"color: #000000;\">Sonderanfertigungen auf Anfrage<\/span><\/li>\n<\/ul>\n<\/td>\n<\/tr>\n<\/tbody>\n<\/table>\n<p>&nbsp;<\/p>\n<p><img loading=\"lazy\" class=\"size-full wp-image-76 aligncenter\" src=\"https:\/\/mittner.de\/wp-content\/uploads\/2018\/07\/kBild_Wassertropfen.jpg\" alt=\"\" width=\"258\" height=\"221\" \/><\/p>\n","protected":false},"excerpt":{"rendered":"<p>&nbsp; Ihr Partner f\u00fcr biologisches Wohnen und spezielle Sonderanfertigungen [ Rahmen ] &nbsp; Besuchen Sie unsere Schreinerei und Ausstellungsr\u00e4ume in der Tr\u00e4nkgasse 10 &nbsp; &nbsp; Rahmen &#8230;.wir halten eine grosse Auswahl f\u00fcr Sie bereit! Bilderrahmen von 24 x 18 cm bis 100 x 70 cm Biedermeierrahmen Originelle Bilderrahmen aus altem Holz. Sonderanfertigungen auf Anfrage &nbsp;<\/p>\n","protected":false},"author":1,"featured_media":0,"parent":0,"menu_order":0,"comment_status":"closed","ping_status":"closed","template":"page-templates\/page-nosidebars.php","meta":[],"_links":{"self":[{"href":"https:\/\/mittner.de\/index.php?rest_route=\/wp\/v2\/pages\/421"}],"collection":[{"href":"https:\/\/mittner.de\/index.php?rest_route=\/wp\/v2\/pages"}],"about":[{"href":"https:\/\/mittner.de\/index.php?rest_route=\/wp\/v2\/types\/page"}],"author":[{"embeddable":true,"href":"https:\/\/mittner.de\/index.php?rest_route=\/wp\/v2\/users\/1"}],"replies":[{"embeddable":true,"href":"https:\/\/mittner.de\/index.php?rest_route=%2Fwp%2Fv2%2Fcomments&post=421"}],"version-history":[{"count":18,"href":"https:\/\/mittner.de\/index.php?rest_route=\/wp\/v2\/pages\/421\/revisions"}],"predecessor-version":[{"id":583,"href":"https:\/\/mittner.de\/index.php?rest_route=\/wp\/v2\/pages\/421\/revisions\/583"}],"wp:attachment":[{"href":"https:\/\/mittner.de\/index.php?rest_route=%2Fwp%2Fv2%2Fmedia&parent=421"}],"curies":[{"name":"wp","href":"https:\/\/api.w.org\/{rel}","templated":true}]}}