{"id":417,"date":"2018-07-15T09:45:06","date_gmt":"2018-07-15T09:45:06","guid":{"rendered":"http:\/\/mittner.de\/?page_id=417"},"modified":"2018-07-16T07:43:21","modified_gmt":"2018-07-16T07:43:21","slug":"produkte-schraenke","status":"publish","type":"page","link":"https:\/\/mittner.de\/?page_id=417","title":{"rendered":"Schr\u00e4nke"},"content":{"rendered":"<p>&nbsp;<\/p>\n<p class=\"Ueberschrift_links\" style=\"text-align: center;\"><span class=\"BODY\"><span style=\"font-size: small;\"><span style=\"font-family: Georgia, Times New Roman, Times, serif; font-size: medium;\"><span class=\"Schrift10\"><span class=\"Schrift8\"><span class=\"Ueberschrift\"><span style=\"color: #000000; font-size: 18pt; font-family: 'times new roman', times, serif;\"><b><span style=\"color: #008040;\">Ihr Partner f\u00fcr biologisches Wohnen und spezielle Sonderanfertigungen<\/span><\/b><\/span><b><\/b><\/span><\/span><\/span><\/span><\/span><\/span><\/p>\n<p class=\"Ueberschrift_links\" style=\"text-align: center;\"><span class=\"BODY\" style=\"font-family: arial, helvetica, sans-serif; font-size: 12pt; color: #000000;\"><span class=\"Ueberschrift\"><span class=\"Ueberschrift_links\">[ Schr\u00e4nke ]<\/span><\/span><\/span><\/p>\n<p>&nbsp;<\/p>\n<p class=\"Ueberschrift_zentriert\" style=\"text-align: center;\" align=\"left\"><span style=\"color: #000000; font-family: arial, helvetica, sans-serif; font-size: 12pt;\"><b class=\"Ueberschrift\">Besuchen Sie unsere Schreinerei + Ausstellungsr\u00e4ume<br \/>\n<span class=\"Ueberschrift_zentriert\">in der Tr\u00e4nkgasse 10<\/span><\/b><\/span><\/p>\n<table class=\"alignright\" style=\"width: 70%; border-collapse: collapse; border-style: none;\" border=\"1\">\n<tbody>\n<tr>\n<td style=\"width: 288.59375px; border-color: #cccccc; background-color: #fffcad; text-align: center;\"><span style=\"font-family: arial, helvetica, sans-serif; font-size: 10pt; color: #000000;\">Info<\/span><\/td>\n<td style=\"width: 288.59375px; border-color: #cccccc; background-color: #fffcad; text-align: center;\"><span style=\"font-family: arial, helvetica, sans-serif; font-size: 10pt; color: #000000;\">Glasschrank<\/span><\/td>\n<\/tr>\n<tr>\n<td style=\"width: 288.59375px; border-color: #cccccc;\"><span style=\"font-family: arial, helvetica, sans-serif; font-size: 10pt; color: #000000;\">Glasschrank<\/span><br \/>\n<span style=\"font-family: arial, helvetica, sans-serif; font-size: 10pt; color: #000000;\"><b><br \/>\nAusf\u00fchrung:<br \/>\nKirschbaum massiv <\/b><\/span><span style=\"font-family: arial, helvetica, sans-serif; font-size: 10pt; color: #000000;\"><b>Alternative: massiv in Ahorn, Birke, Eiche, Esche usw.<\/b><\/span><span style=\"font-family: arial, helvetica, sans-serif; font-size: 10pt; color: #000000;\">100 cm Korpusbreite, 42 cm tief mit 2 Schubl\u00e4den<\/span><br \/>\n<span style=\"font-family: arial, helvetica, sans-serif; font-size: 10pt; color: #000000;\">3 verstellbare Einlegeb\u00f6den.<\/span><br \/>\n<span style=\"font-family: arial, helvetica, sans-serif; font-size: 10pt; color: #000000;\">Glas mit Facettenschliff.<\/span><\/td>\n<td style=\"width: 288.59375px; border-color: #cccccc;\"><img loading=\"lazy\" class=\"size-full wp-image-42 aligncenter\" src=\"https:\/\/mittner.de\/wp-content\/uploads\/2018\/07\/Glasschrank_mit_deko.jpg\" alt=\"\" width=\"144\" height=\"197\" \/><\/td>\n<\/tr>\n<\/tbody>\n<\/table>\n<p>&nbsp;<\/p>\n<table class=\"alignleft\" style=\"width: 70%; border-collapse: collapse; border-style: none;\" border=\"1\">\n<tbody>\n<tr>\n<td style=\"width: 50%; text-align: center; background-color: #fffcad; border-color: #cccccc;\"><span style=\"font-family: arial, helvetica, sans-serif; font-size: 10pt; color: #000000;\">Kleider-W\u00e4scheschrank<\/span><\/td>\n<td style=\"width: 50%; text-align: center; background-color: #fffcad; border-color: #cccccc;\"><span style=\"font-family: arial, helvetica, sans-serif; font-size: 10pt; color: #000000;\">Info<\/span><\/td>\n<\/tr>\n<tr>\n<td style=\"width: 50%; border-color: #cccccc;\"><img loading=\"lazy\" class=\"size-full wp-image-41 aligncenter\" src=\"https:\/\/mittner.de\/wp-content\/uploads\/2018\/07\/Eschenschrank.jpg\" alt=\"\" width=\"240\" height=\"364\" srcset=\"https:\/\/mittner.de\/wp-content\/uploads\/2018\/07\/Eschenschrank.jpg 240w, https:\/\/mittner.de\/wp-content\/uploads\/2018\/07\/Eschenschrank-198x300.jpg 198w\" sizes=\"(max-width: 240px) 100vw, 240px\" \/><\/td>\n<td style=\"width: 50%; border-color: #cccccc; vertical-align: top;\"><span style=\"color: #000000; font-family: arial, helvetica, sans-serif; font-size: 10pt;\">Kleider- oder W\u00e4scheschrank<\/span><\/p>\n<p><span style=\"color: #000000; font-family: arial, helvetica, sans-serif; font-size: 10pt;\"><b>Ausf\u00fchrung:<br \/>\nEsche massiv <\/b><\/span><\/p>\n<p><span style=\"color: #000000; font-family: arial, helvetica, sans-serif; font-size: 10pt;\"><b>Alternative: massiv in Kirschbaum, Ahorn, Birke, Eiche, usw.<\/b><\/span><\/p>\n<p><span style=\"color: #000000; font-family: arial, helvetica, sans-serif; font-size: 10pt;\">120 oder 130 cm Korpusbreite, 45 cm tief,<\/span><br \/>\n<span style=\"color: #000000; font-family: arial, helvetica, sans-serif; font-size: 10pt;\">2 Schubl\u00e4den<\/span><\/td>\n<\/tr>\n<\/tbody>\n<\/table>\n<p>&nbsp;<\/p>\n<p>&nbsp;<\/p>\n<table class=\"alignright\" style=\"width: 70%; border-collapse: collapse; border-style: none;\" border=\"1\">\n<tbody>\n<tr>\n<td style=\"width: 50%; text-align: center; background-color: #fffcad; border-color: #cccccc;\"><span style=\"font-family: arial, helvetica, sans-serif; font-size: 10pt; color: #000000;\">Info<\/span><\/td>\n<td style=\"width: 50%; text-align: center; background-color: #fffcad; border-color: #cccccc;\"><span style=\"font-family: arial, helvetica, sans-serif; font-size: 10pt; color: #000000;\">Offenes Regal<\/span><\/td>\n<\/tr>\n<tr>\n<td style=\"width: 50%; border-color: #cccccc; vertical-align: middle;\"><span style=\"color: #000000;\">Offenes Regal<\/span><\/p>\n<p><span style=\"color: #000000;\"><b>Ausf\u00fchrung:<br \/>\nKirschbaum massiv <\/b><\/span><\/p>\n<p><span style=\"color: #000000;\"><b>Alternative: massiv in Ahorn, Birke, Eiche, Esche usw.<\/b><\/span><\/p>\n<p><span style=\"color: #000000;\">In allen Ma\u00dfen m\u00f6glich!<\/span><\/td>\n<td style=\"width: 50%; border-color: #cccccc; vertical-align: top;\"><span style=\"color: #000000; font-family: arial, helvetica, sans-serif; font-size: small;\"><span style=\"caret-color: #000000;\">\u00a0<img loading=\"lazy\" class=\"aligncenter size-full wp-image-143\" src=\"https:\/\/mittner.de\/wp-content\/uploads\/2018\/07\/Regal-.jpg\" alt=\"\" width=\"210\" height=\"302\" srcset=\"https:\/\/mittner.de\/wp-content\/uploads\/2018\/07\/Regal-.jpg 210w, https:\/\/mittner.de\/wp-content\/uploads\/2018\/07\/Regal--209x300.jpg 209w\" sizes=\"(max-width: 210px) 100vw, 210px\" \/><\/span><\/span><\/td>\n<\/tr>\n<\/tbody>\n<\/table>\n<p>&nbsp;<\/p>\n<p>&nbsp;<\/p>\n<p>&nbsp;<\/p>\n<table class=\"alignleft\" style=\"width: 90%; border-collapse: collapse; border-style: none;\" border=\"1\">\n<tbody>\n<tr>\n<td style=\"width: 65.73957743698695%; text-align: center; background-color: #fffcad; border-color: #cccccc;\"><span style=\"font-family: arial, helvetica, sans-serif; font-size: 10pt; color: #000000;\">Universal-Schrank<\/span><\/td>\n<td style=\"width: 34.26042256301306%; text-align: center; background-color: #fffcad; border-color: #cccccc;\"><span style=\"font-family: arial, helvetica, sans-serif; font-size: 10pt; color: #000000;\">Info<\/span><\/td>\n<\/tr>\n<tr>\n<td style=\"width: 65.73957743698695%; border-color: #cccccc;\"><img loading=\"lazy\" class=\"wp-image-38 size-medium alignleft\" src=\"https:\/\/mittner.de\/wp-content\/uploads\/2018\/07\/Meisterschrank-193x300.jpg\" alt=\"\" width=\"193\" height=\"300\" srcset=\"https:\/\/mittner.de\/wp-content\/uploads\/2018\/07\/Meisterschrank-193x300.jpg 193w, https:\/\/mittner.de\/wp-content\/uploads\/2018\/07\/Meisterschrank.jpg 312w\" sizes=\"(max-width: 193px) 100vw, 193px\" \/><img loading=\"lazy\" class=\"size-medium wp-image-39 alignright\" src=\"https:\/\/mittner.de\/wp-content\/uploads\/2018\/07\/Meisterschrank_geschlossen-159x300.jpg\" alt=\"\" width=\"159\" height=\"300\" srcset=\"https:\/\/mittner.de\/wp-content\/uploads\/2018\/07\/Meisterschrank_geschlossen-159x300.jpg 159w, https:\/\/mittner.de\/wp-content\/uploads\/2018\/07\/Meisterschrank_geschlossen.jpg 161w\" sizes=\"(max-width: 159px) 100vw, 159px\" \/><\/p>\n<p>&nbsp;<\/p>\n<p>&nbsp;<\/p>\n<p>&nbsp;<\/p>\n<p>&nbsp;<\/p>\n<p>&nbsp;<\/p>\n<p><span style=\"font-family: arial, helvetica, sans-serif; font-size: 12pt; color: #000000;\">Meisterst\u00fcck<\/span><\/td>\n<td style=\"width: 34.26042256301306%; border-color: #cccccc; vertical-align: middle;\"><span style=\"color: #000000; font-family: arial, helvetica, sans-serif; font-size: small;\"><span style=\"color: #000000; font-family: arial, helvetica, sans-serif; font-size: small;\"><span style=\"caret-color: #000000;\">\u00a0<\/span><\/span><\/span><span style=\"color: #000000;\">Universal-Schrank auf Rollen<\/span><\/p>\n<p><span style=\"color: #000000;\"><b>Ausf\u00fchrung:<br \/>\nBirke massiv <\/b><\/span><\/p>\n<p><span style=\"color: #000000;\"><b>Alternative: massiv in Kirschbaum, Ahorn, Eiche, Esche usw.<\/b><\/span><\/td>\n<\/tr>\n<\/tbody>\n<\/table>\n<p>&nbsp;<\/p>\n<p>&nbsp;<\/p>\n<p>&nbsp;<\/p>\n<p>&nbsp;<\/p>\n<p>&nbsp;<\/p>\n<p>&nbsp;<\/p>\n<p>&nbsp;<\/p>\n<p>&nbsp;<\/p>\n<p>&nbsp;<\/p>\n<p>&nbsp;<\/p>\n<p>&nbsp;<\/p>\n<p>&nbsp;<\/p>\n<p>&nbsp;<\/p>\n<p>&nbsp;<\/p>\n<p>&nbsp;<\/p>\n<p>&nbsp;<\/p>\n<p>&nbsp;<\/p>\n<p>&nbsp;<\/p>\n<p>&nbsp;<\/p>\n<p>&nbsp;<\/p>\n<p>&nbsp;<\/p>\n<p>&nbsp;<\/p>\n<p>&nbsp;<\/p>\n<p>&nbsp;<\/p>\n<p>&nbsp;<\/p>\n<p>&nbsp;<\/p>\n<p>&nbsp;<\/p>\n<p>&nbsp;<\/p>\n<p>&nbsp;<\/p>\n<p>&nbsp;<\/p>\n","protected":false},"excerpt":{"rendered":"<p>&nbsp; Ihr Partner f\u00fcr biologisches Wohnen und spezielle Sonderanfertigungen [ Schr\u00e4nke ] &nbsp; Besuchen Sie unsere Schreinerei + Ausstellungsr\u00e4ume in der Tr\u00e4nkgasse 10 Info Glasschrank Glasschrank Ausf\u00fchrung: Kirschbaum massiv Alternative: massiv in Ahorn, Birke, Eiche, Esche usw.100 cm Korpusbreite, 42 cm tief mit 2 Schubl\u00e4den 3 verstellbare Einlegeb\u00f6den. Glas mit Facettenschliff. &nbsp; Kleider-W\u00e4scheschrank Info Kleider- [&hellip;]<\/p>\n","protected":false},"author":1,"featured_media":0,"parent":0,"menu_order":0,"comment_status":"closed","ping_status":"closed","template":"page-templates\/page-nosidebars.php","meta":[],"_links":{"self":[{"href":"https:\/\/mittner.de\/index.php?rest_route=\/wp\/v2\/pages\/417"}],"collection":[{"href":"https:\/\/mittner.de\/index.php?rest_route=\/wp\/v2\/pages"}],"about":[{"href":"https:\/\/mittner.de\/index.php?rest_route=\/wp\/v2\/types\/page"}],"author":[{"embeddable":true,"href":"https:\/\/mittner.de\/index.php?rest_route=\/wp\/v2\/users\/1"}],"replies":[{"embeddable":true,"href":"https:\/\/mittner.de\/index.php?rest_route=%2Fwp%2Fv2%2Fcomments&post=417"}],"version-history":[{"count":28,"href":"https:\/\/mittner.de\/index.php?rest_route=\/wp\/v2\/pages\/417\/revisions"}],"predecessor-version":[{"id":482,"href":"https:\/\/mittner.de\/index.php?rest_route=\/wp\/v2\/pages\/417\/revisions\/482"}],"wp:attachment":[{"href":"https:\/\/mittner.de\/index.php?rest_route=%2Fwp%2Fv2%2Fmedia&parent=417"}],"curies":[{"name":"wp","href":"https:\/\/api.w.org\/{rel}","templated":true}]}}