{"id":415,"date":"2018-07-15T09:44:53","date_gmt":"2018-07-15T09:44:53","guid":{"rendered":"http:\/\/mittner.de\/?page_id=415"},"modified":"2018-07-16T07:44:35","modified_gmt":"2018-07-16T07:44:35","slug":"produkte-stuehle","status":"publish","type":"page","link":"https:\/\/mittner.de\/?page_id=415","title":{"rendered":"St\u00fchle"},"content":{"rendered":"<p style=\"text-align: center;\"><span class=\"BODY\" style=\"font-family: 'times new roman', times, serif; font-size: 18pt;\"><span class=\"Schrift10\"><span class=\"Schrift8\"><span class=\"Ueberschrift\"><span style=\"color: #000000;\"><b><span style=\"color: #008040;\">Ihr Partner f\u00fcr biologisches Wohnen und spezielle Sonderanfertigungen<\/span><\/b><\/span><\/span><\/span><\/span><\/span><\/p>\n<p class=\"Ueberschrift_links\" style=\"text-align: center;\"><span class=\"Ueberschrift\" style=\"color: #000000; font-family: arial, helvetica, sans-serif;\"><span class=\"Ueberschrift_links\">[ St\u00fchle ]<\/span><\/span><\/p>\n<p>&nbsp;<\/p>\n<p>&nbsp;<\/p>\n<p class=\"Ueberschrift_zentriert\" style=\"text-align: center;\"><span style=\"color: #000000; font-family: arial, helvetica, sans-serif; font-size: 14pt;\"><b class=\"Ueberschrift_zentriert\">Besuchen Sie unsere Schreinerei + Ausstellungsr\u00e4ume<br \/>\nin der Tr\u00e4nkgasse 10 <\/b><\/span><\/p>\n<p>&nbsp;<\/p>\n<p>&nbsp;<\/p>\n<p class=\"Ueberschrift_zentriert\" style=\"text-align: center;\"><span style=\"font-size: 14pt; color: #000000; font-family: arial, helvetica, sans-serif;\"><b>BEISPIELE<\/b><\/span><\/p>\n<p>&nbsp;<\/p>\n<p>&nbsp;<\/p>\n<p>&nbsp;<\/p>\n<table class=\"alignleft\" style=\"width: 80%; border-collapse: collapse; border-style: none;\" border=\"1\">\n<tbody>\n<tr>\n<td style=\"width: 41.28834355828221%; text-align: center; background-color: #fffcad; border-color: #cccccc;\"><span style=\"color: #000000; font-family: arial, helvetica, sans-serif; font-size: small;\"><span style=\"caret-color: #000000;\">\u00a0Modell 1900\/2<\/span><\/span><\/td>\n<td style=\"width: 58.71165644171779%; text-align: center; background-color: #fffcad; border-color: #cccccc;\"><span style=\"font-family: arial, helvetica, sans-serif; font-size: 10pt; color: #000000;\">Info<\/span><\/td>\n<\/tr>\n<tr>\n<td style=\"width: 41.28834355828221%; border-color: #cccccc;\"><a href=\"https:\/\/mittner.de\/wp-content\/uploads\/2018\/07\/Stuhl_am_Ufer_100_scharf.jpg\"><img loading=\"lazy\" class=\"aligncenter size-medium wp-image-36\" src=\"https:\/\/mittner.de\/wp-content\/uploads\/2018\/07\/Stuhl_am_Ufer_100_scharf-300x209.jpg\" alt=\"\" width=\"300\" height=\"209\" srcset=\"https:\/\/mittner.de\/wp-content\/uploads\/2018\/07\/Stuhl_am_Ufer_100_scharf-300x209.jpg 300w, https:\/\/mittner.de\/wp-content\/uploads\/2018\/07\/Stuhl_am_Ufer_100_scharf.jpg 371w\" sizes=\"(max-width: 300px) 100vw, 300px\" \/><\/a><\/td>\n<td style=\"width: 58.71165644171779%; border-color: #cccccc; vertical-align: top;\"><span style=\"font-family: inherit; font-size: inherit; color: #000000;\">Modell 1900\/2<\/span><span style=\"color: #000000;\"><b><br \/>\nAusf\u00fchrung:<br \/>\nEiche massiv <\/b><\/span><span style=\"color: #000000;\"><b>Alternative: massiv in Kirschbaum, Ahorn, Birke, Esche usw.<\/b><\/span><span style=\"color: #000000;\">Gesamth\u00f6he: 102 cm<\/span><br \/>\n<span style=\"color: #000000;\">Sitzh\u00f6he: 47 cm<\/span><br \/>\n<span style=\"color: #000000;\">Gesamttiefe: 50 cm<\/span><\/td>\n<\/tr>\n<\/tbody>\n<\/table>\n<table class=\"alignright\" style=\"width: 60%; border-collapse: collapse; border-style: none;\" border=\"1\">\n<tbody>\n<tr>\n<td style=\"width: 66.9972482858174%; text-align: center; background-color: #fffcad; border-color: #cccccc;\"><span style=\"font-family: arial, helvetica, sans-serif; font-size: 10pt; color: #000000;\">Info<\/span><\/td>\n<td style=\"width: 33.002751714182594%; text-align: center; background-color: #fffcad; border-color: #cccccc;\"><span style=\"font-family: arial, helvetica, sans-serif; font-size: 10pt; color: #000000;\">Modell 1900 \u00a0<\/span><\/td>\n<\/tr>\n<tr>\n<td style=\"width: 66.9972482858174%; border-color: #cccccc;\"><span style=\"color: #000000;\">Modell 1900<\/span><br \/>\n<span style=\"color: #000000;\"><b><br \/>\nAusf\u00fchrung:<br \/>\nKirschbaum massiv <\/b><\/span><span style=\"color: #000000;\"><b>Alternative: massiv in Ahorn, Birke, Eiche, Esche usw.<\/b><\/span><span style=\"color: #000000;\">auch mit 3 Mittelst\u00e4ben und oben mit Bogen m\u00f6glich<\/span><span style=\"color: #000000;\">Gesamth\u00f6he: 96 cm aussen<\/span><br \/>\n<span style=\"color: #000000;\">Sitzh\u00f6he: 47 cm<\/span><br \/>\n<span style=\"color: #000000;\">Gesamttiefe: 50 cm<\/span><\/td>\n<td style=\"width: 33.002751714182594%; border-color: #cccccc; vertical-align: top;\"><span style=\"color: #000000; font-family: arial, helvetica, sans-serif; font-size: small;\">\u00a0<a href=\"https:\/\/mittner.de\/wp-content\/uploads\/2018\/07\/stuhl3_100.jpg\"><img loading=\"lazy\" class=\"aligncenter size-full wp-image-31\" src=\"https:\/\/mittner.de\/wp-content\/uploads\/2018\/07\/stuhl3_100.jpg\" alt=\"\" width=\"133\" height=\"200\" \/><\/a><\/span><\/td>\n<\/tr>\n<\/tbody>\n<\/table>\n<p>&nbsp;<\/p>\n<p>&nbsp;<\/p>\n<p>&nbsp;<\/p>\n<p>&nbsp;<\/p>\n<p>&nbsp;<\/p>\n<p>&nbsp;<\/p>\n<p><span style=\"color: #000000;\"><b>Edelh\u00f6lzer in handwerklicher Ausf\u00fchrung.<\/b><\/span><\/p>\n<table class=\"alignleft\" style=\"height: 41px; width: 90%; border-collapse: collapse; border-style: none;\" border=\"1\">\n<tbody>\n<tr style=\"height: 20px;\">\n<td style=\"width: 37.97546012269939%; text-align: center; background-color: #fffcad; border-color: #cccccc; height: 20px;\"><span style=\"color: #000000;\">Modell 1900<\/span><\/td>\n<td style=\"width: 62.02453987730061%; text-align: center; background-color: #fffcad; border-color: #cccccc; height: 20px;\"><span style=\"font-family: arial, helvetica, sans-serif; font-size: 10pt; color: #000000;\">Info<\/span><\/td>\n<\/tr>\n<tr style=\"height: 21px;\">\n<td style=\"width: 37.97546012269939%; border-color: #cccccc; height: 21px;\"><a href=\"https:\/\/mittner.de\/wp-content\/uploads\/2018\/07\/Stuhl_kompress.jpg\"><img loading=\"lazy\" class=\"aligncenter size-full wp-image-35\" src=\"https:\/\/mittner.de\/wp-content\/uploads\/2018\/07\/Stuhl_kompress.jpg\" alt=\"\" width=\"322\" height=\"280\" srcset=\"https:\/\/mittner.de\/wp-content\/uploads\/2018\/07\/Stuhl_kompress.jpg 322w, https:\/\/mittner.de\/wp-content\/uploads\/2018\/07\/Stuhl_kompress-300x261.jpg 300w\" sizes=\"(max-width: 322px) 100vw, 322px\" \/><\/a><\/td>\n<td style=\"width: 62.02453987730061%; border-color: #cccccc; vertical-align: top; height: 21px;\"><span style=\"font-family: inherit; font-size: inherit; color: #000000;\">Modell 1900<\/span><span style=\"color: #000000;\"><b>Ausf\u00fchrung:<br \/>\nKirschbaum massiv <\/b><\/span><span style=\"color: #000000;\"><b>Alternative: massiv in Ahorn, Birke, Eiche, Esche usw.<\/b><\/span><span style=\"color: #000000;\">auch mit 1 Mittelteil und oben gerade m\u00f6glich<\/span><span style=\"font-family: arial, helvetica, sans-serif; font-size: small; color: #000000;\"><span style=\"caret-color: #000000;\">Gesamth\u00f6he: 97 cm Mitte<br \/>\nSitzh\u00f6he: 47 cm<br \/>\nGesamttiefe: 50 cm<\/span><\/span><\/td>\n<\/tr>\n<\/tbody>\n<\/table>\n<p>&nbsp;<\/p>\n<p>&nbsp;<\/p>\n<p>&nbsp;<\/p>\n<p><span class=\"BODY\" style=\"color: #000000;\"><b>Ein Platz, ein Stuhl &#8211; perfekter Sitz!<\/b><\/span><\/p>\n<p>&nbsp;<\/p>\n<p>&nbsp;<\/p>\n<p>&nbsp;<\/p>\n<p>&nbsp;<\/p>\n<p>&nbsp;<\/p>\n<p>&nbsp;<\/p>\n<p>&nbsp;<\/p>\n<p>&nbsp;<\/p>\n<p>&nbsp;<\/p>\n<p><span class=\"BODY\" style=\"color: #000000;\"><b>Wir fertigen St\u00fchle nach Ihren Ma\u00dfen. <\/b><\/span><\/p>\n<table class=\"alignright\" style=\"width: 70%; border-collapse: collapse; border-style: none;\" border=\"1\">\n<tbody>\n<tr>\n<td style=\"width: 62.93375394321767%; text-align: center; background-color: #fffcad; border-color: #cccccc;\"><span style=\"font-family: arial, helvetica, sans-serif; font-size: 10pt; color: #000000;\">Info<\/span><\/td>\n<td style=\"width: 37.06624605678233%; text-align: center; background-color: #fffcad; border-color: #cccccc;\"><span style=\"color: #000000; font-family: arial, helvetica, sans-serif; font-size: small;\"><span style=\"caret-color: #000000;\">Sessel<\/span><\/span><\/td>\n<\/tr>\n<tr>\n<td style=\"width: 62.93375394321767%; border-color: #cccccc;\"><span style=\"color: #000000;\">Sessel<\/span><br \/>\n<span style=\"color: #000000;\"><b><br \/>\nAusf\u00fchrung:<br \/>\nKirschbaum massiv <\/b><\/span><span style=\"color: #000000;\"><b>Alternative: massiv in Ahorn, Birke, Eiche, Esche usw.<\/b><\/span><span style=\"color: #000000;\">auch mit 1 Mittelteil und oben mit Bogen m\u00f6glich<\/span><span style=\"color: #000000;\">Gesamth\u00f6he: 96 cm aussen<\/span><br \/>\n<span style=\"color: #000000;\">Sitzh\u00f6he: 47 cm<\/span><br \/>\n<span style=\"color: #000000;\">Gesamttiefe: 50 cm<\/span><\/td>\n<td style=\"width: 37.06624605678233%; border-color: #cccccc; vertical-align: top;\"><span style=\"color: #000000; font-family: arial, helvetica, sans-serif; font-size: small;\"><span style=\"caret-color: #000000;\">\u00a0<a href=\"https:\/\/mittner.de\/wp-content\/uploads\/2018\/07\/stuhl4_100_mittnerscan.jpg\"><img loading=\"lazy\" class=\"aligncenter size-full wp-image-32\" src=\"https:\/\/mittner.de\/wp-content\/uploads\/2018\/07\/stuhl4_100_mittnerscan.jpg\" alt=\"\" width=\"134\" height=\"208\" \/><\/a><\/span><\/span><\/td>\n<\/tr>\n<\/tbody>\n<\/table>\n<p>&nbsp;<\/p>\n<p>&nbsp;<\/p>\n<p>&nbsp;<\/p>\n<p>&nbsp;<\/p>\n<p>&nbsp;<\/p>\n<p>&nbsp;<\/p>\n<p>&nbsp;<\/p>\n<p>&nbsp;<\/p>\n<p>&nbsp;<\/p>\n<table class=\"alignleft\" style=\"width: 90%; border-collapse: collapse; border-style: none;\" border=\"1\">\n<tbody>\n<tr>\n<td style=\"width: 50%; text-align: center; background-color: #fffcad; border-color: #cccccc;\"><span style=\"color: #000000; font-family: arial, helvetica, sans-serif; font-size: small;\"><span style=\"caret-color: #000000;\">\u00a0Modell 1900<\/span><\/span><\/td>\n<td style=\"width: 50%; text-align: center; background-color: #fffcad; border-color: #cccccc;\"><span style=\"font-family: arial, helvetica, sans-serif; font-size: 10pt; color: #000000;\">Info<\/span><\/td>\n<\/tr>\n<tr>\n<td style=\"width: 50%; border-color: #cccccc;\"><a href=\"https:\/\/mittner.de\/wp-content\/uploads\/2018\/07\/stuhl-blauer-sitz.jpg\"><img loading=\"lazy\" class=\"aligncenter size-full wp-image-140\" src=\"https:\/\/mittner.de\/wp-content\/uploads\/2018\/07\/stuhl-blauer-sitz.jpg\" alt=\"\" width=\"199\" height=\"312\" srcset=\"https:\/\/mittner.de\/wp-content\/uploads\/2018\/07\/stuhl-blauer-sitz.jpg 199w, https:\/\/mittner.de\/wp-content\/uploads\/2018\/07\/stuhl-blauer-sitz-191x300.jpg 191w\" sizes=\"(max-width: 199px) 100vw, 199px\" \/><\/a><\/td>\n<td style=\"width: 50%; border-color: #cccccc; vertical-align: top;\"><span style=\"font-family: inherit; font-size: inherit; color: #000000;\">Sessel<\/span><span style=\"color: #000000;\"><b><br \/>\nAusf\u00fchrung:<br \/>\nKirschbaum massiv <\/b><\/span><span style=\"color: #000000;\"><b>Alternative: massiv in Ahorn, Birke, Eiche, Esche usw.<\/b><\/span><span style=\"color: #000000;\">auch mit 1 Mittelteil und oben mit Bogen m\u00f6glich<\/span><span style=\"color: #000000;\">Gesamth\u00f6he: 96 cm aussen<\/span><br \/>\n<span style=\"color: #000000;\">Sitzh\u00f6he: 47 cm<\/span><br \/>\n<span style=\"color: #000000;\">Gesamttiefe: 50 cm<\/span><\/td>\n<\/tr>\n<\/tbody>\n<\/table>\n<p>&nbsp;<\/p>\n<p>&nbsp;<\/p>\n<p>&nbsp;<\/p>\n<p>&nbsp;<\/p>\n<p>&nbsp;<\/p>\n<p>&nbsp;<\/p>\n<p>&nbsp;<\/p>\n<p>&nbsp;<\/p>\n<p>&nbsp;<\/p>\n<p>&nbsp;<\/p>\n<p><span style=\"color: #000000;\"><b>Hinsetzen und sich wohlf\u00fchlen.<\/b><\/span><\/p>\n","protected":false},"excerpt":{"rendered":"<p>Ihr Partner f\u00fcr biologisches Wohnen und spezielle Sonderanfertigungen [ St\u00fchle ] &nbsp; &nbsp; Besuchen Sie unsere Schreinerei + Ausstellungsr\u00e4ume in der Tr\u00e4nkgasse 10 &nbsp; &nbsp; BEISPIELE &nbsp; &nbsp; &nbsp; \u00a0Modell 1900\/2 Info Modell 1900\/2 Ausf\u00fchrung: Eiche massiv Alternative: massiv in Kirschbaum, Ahorn, Birke, Esche usw.Gesamth\u00f6he: 102 cm Sitzh\u00f6he: 47 cm Gesamttiefe: 50 cm Info Modell [&hellip;]<\/p>\n","protected":false},"author":1,"featured_media":0,"parent":0,"menu_order":0,"comment_status":"closed","ping_status":"closed","template":"page-templates\/page-nosidebars.php","meta":[],"_links":{"self":[{"href":"https:\/\/mittner.de\/index.php?rest_route=\/wp\/v2\/pages\/415"}],"collection":[{"href":"https:\/\/mittner.de\/index.php?rest_route=\/wp\/v2\/pages"}],"about":[{"href":"https:\/\/mittner.de\/index.php?rest_route=\/wp\/v2\/types\/page"}],"author":[{"embeddable":true,"href":"https:\/\/mittner.de\/index.php?rest_route=\/wp\/v2\/users\/1"}],"replies":[{"embeddable":true,"href":"https:\/\/mittner.de\/index.php?rest_route=%2Fwp%2Fv2%2Fcomments&post=415"}],"version-history":[{"count":12,"href":"https:\/\/mittner.de\/index.php?rest_route=\/wp\/v2\/pages\/415\/revisions"}],"predecessor-version":[{"id":580,"href":"https:\/\/mittner.de\/index.php?rest_route=\/wp\/v2\/pages\/415\/revisions\/580"}],"wp:attachment":[{"href":"https:\/\/mittner.de\/index.php?rest_route=%2Fwp%2Fv2%2Fmedia&parent=415"}],"curies":[{"name":"wp","href":"https:\/\/api.w.org\/{rel}","templated":true}]}}