{"id":413,"date":"2018-07-15T09:44:42","date_gmt":"2018-07-15T09:44:42","guid":{"rendered":"http:\/\/mittner.de\/?page_id=413"},"modified":"2018-07-15T12:38:29","modified_gmt":"2018-07-15T12:38:29","slug":"produkte-tische","status":"publish","type":"page","link":"https:\/\/mittner.de\/?page_id=413","title":{"rendered":"Tische"},"content":{"rendered":"<p style=\"text-align: center;\" align=\"left\"><span class=\"BODY\" style=\"font-family: 'times new roman', times, serif; font-size: 18pt;\"><span class=\"Schrift10\"><span class=\"Schrift8\"><span class=\"Ueberschrift\"><span style=\"color: #000000;\"><b><span style=\"color: #008040;\">Ihr Partner f\u00fcr biologisches Wohnen und spezielle Sonderanfertigungen<\/span><\/b><\/span><\/span><\/span><\/span><\/span><\/p>\n<p style=\"text-align: center;\" align=\"left\"><span class=\"BODY\" style=\"font-family: arial, helvetica, sans-serif; font-size: 14pt; color: #000000;\"><span class=\"Ueberschrift\"><span class=\"Ueberschrift_links\"><span class=\"Ueberschrift_zentriert\">[ Tische ]<\/span><\/span><\/span><\/span><\/p>\n<p style=\"text-align: center;\" align=\"center\"><span style=\"font-size: 14pt; font-family: arial, helvetica, sans-serif; color: #000000;\"><b>Besuchen Sie unsere Schreinerei + Ausstellungsr\u00e4ume<br \/>\nin der Tr\u00e4nkgasse 10 <\/b><span class=\"BODY\"><b><br \/>\n<\/b><\/span><\/span><\/p>\n<p class=\"Ueberschrift_zentriert\" style=\"text-align: center;\" align=\"left\"><span style=\"font-size: 14pt; font-family: arial, helvetica, sans-serif; color: #000000;\"><b>BEISPIELE<\/b><\/span><\/p>\n<table class=\"alignright\" style=\"width: 90%; border-collapse: collapse; border-style: none;\" border=\"1\">\n<tbody>\n<tr>\n<td style=\"width: 54.161412358133674%; text-align: center; background-color: #fffcad; border-color: #cccccc;\"><span style=\"font-family: arial, helvetica, sans-serif; font-size: 10pt; color: #000000;\">Info<\/span><\/td>\n<td style=\"width: 45.838587641866326%; text-align: center; background-color: #fffcad; border-color: #cccccc;\"><span style=\"color: #000000;\">Esstisch Model 1900<\/span><\/td>\n<\/tr>\n<tr>\n<td style=\"width: 54.161412358133674%; border-color: #cccccc;\"><span style=\"color: #000000;\">Modell 1900<\/span><\/p>\n<p><span style=\"color: #000000;\"><b>Ausf\u00fchrung: <\/b><b>Gestell Kirschbaum massiv<br \/>\nPlatte: Kirschbaum massiv<br \/>\n2 Schubl\u00e4den<\/b><\/span><\/p>\n<p><span style=\"color: #000000;\"><b>Alternative: massiv in Ahorn, Birke, Eiche, Esche usw. <\/b><\/span><\/p>\n<p><span style=\"color: #000000;\"><b>St\u00fchle Modell 1900\/2 Kirschbaum massiv<\/b><\/span><\/p>\n<p><span style=\"color: #000000;\">Ma\u00dfe: 180 x 90 cm<\/span><br \/>\n<span style=\"color: #000000;\">In allen Ma\u00dfen m\u00f6glich!<\/span><\/td>\n<td style=\"width: 45.838587641866326%; border-color: #cccccc; vertical-align: top;\"><span style=\"color: #000000; font-family: arial, helvetica, sans-serif; font-size: small;\"><span style=\"caret-color: #000000;\">\u00a0<a style=\"color: #000000;\" href=\"https:\/\/mittner.de\/wp-content\/uploads\/2018\/07\/Guse_Tisch_Stuehle_.jpg\"><img loading=\"lazy\" class=\"aligncenter size-medium wp-image-27\" src=\"https:\/\/mittner.de\/wp-content\/uploads\/2018\/07\/Guse_Tisch_Stuehle_-300x225.jpg\" alt=\"\" width=\"300\" height=\"225\" srcset=\"https:\/\/mittner.de\/wp-content\/uploads\/2018\/07\/Guse_Tisch_Stuehle_-300x225.jpg 300w, https:\/\/mittner.de\/wp-content\/uploads\/2018\/07\/Guse_Tisch_Stuehle_.jpg 480w\" sizes=\"(max-width: 300px) 100vw, 300px\" \/><\/a><\/span><\/span><\/td>\n<\/tr>\n<\/tbody>\n<\/table>\n<p>&nbsp;<\/p>\n<p>&nbsp;<\/p>\n<table class=\"alignleft\" style=\"width: 90%; border-collapse: collapse; border-style: none;\" border=\"1\">\n<tbody>\n<tr>\n<td style=\"width: 46.721311475409834%; text-align: center; background-color: #fffcad; border-color: #cccccc;\"><span style=\"color: #000000;\">Esstisch Model 1900<\/span><\/td>\n<td style=\"width: 53.278688524590166%; text-align: center; background-color: #fffcad; border-color: #cccccc;\"><span style=\"color: #000000;\">Info<\/span><\/td>\n<\/tr>\n<tr>\n<td style=\"width: 46.721311475409834%; border-color: #cccccc;\"><a href=\"https:\/\/mittner.de\/wp-content\/uploads\/2018\/07\/grosser_Ladentisch_Nuss_Ahorn.jpg\"><img loading=\"lazy\" class=\"aligncenter size-full wp-image-11\" src=\"https:\/\/mittner.de\/wp-content\/uploads\/2018\/07\/grosser_Ladentisch_Nuss_Ahorn.jpg\" alt=\"\" width=\"276\" height=\"209\" \/><\/a><\/td>\n<td style=\"width: 53.278688524590166%; border-color: #cccccc; vertical-align: top;\"><span style=\"color: #000000; font-family: inherit; font-size: inherit;\">Modell 1900<\/span><\/p>\n<p><span style=\"color: #000000;\"><b>Ausf\u00fchrung:<\/b><\/span><br \/>\n<span style=\"color: #000000;\"><b>Gestell Ahorn massiv &#8211; Platte Nussbaum massiv<\/b><\/span><\/p>\n<p><span style=\"color: #000000;\"><b>Alternative: massiv in Kirschbaum, Birke, Eiche, Esche usw<\/b><b>.<\/b><\/span><\/p>\n<p><span style=\"color: #000000;\">In allen Ma\u00dfen m\u00f6glich!<\/span><\/td>\n<\/tr>\n<\/tbody>\n<\/table>\n<p>&nbsp;<\/p>\n<p>&nbsp;<\/p>\n<table class=\"alignright\" style=\"width: 70%; border-collapse: collapse; border-style: none;\" border=\"1\">\n<tbody>\n<tr>\n<td style=\"width: 54.568563256570705%; text-align: center; background-color: #fffcad; border-color: #cccccc;\"><span style=\"font-family: arial, helvetica, sans-serif; font-size: 10pt; color: #000000;\">Info<\/span><\/td>\n<td style=\"width: 45.431436743429295%; text-align: center; background-color: #fffcad; border-color: #cccccc;\"><span style=\"font-family: arial, helvetica, sans-serif; font-size: 10pt; color: #000000;\">Sekret\u00e4r<\/span><\/td>\n<\/tr>\n<tr>\n<td style=\"width: 54.568563256570705%; border-color: #cccccc; vertical-align: bottom;\"><span style=\"color: #000000;\">Sekret\u00e4r<\/span><br \/>\n<span style=\"color: #000000;\"><b><br \/>\nAusf\u00fchrung:<br \/>\nKirschbaum massiv <\/b><\/span><span style=\"color: #000000;\"><b>Alternative: massiv in Ahorn, Birke, Eiche, Esche usw.<\/b><\/span><span style=\"color: #000000;\">Ma\u00dfe: 100 x 72 cm 35\/25 cm tief<\/span><span style=\"color: #000000;\">In allen Ma\u00dfen m\u00f6glich!<\/span><\/td>\n<td style=\"width: 45.431436743429295%; border-color: #cccccc; vertical-align: top;\"><span style=\"color: #000000; font-family: arial, helvetica, sans-serif; font-size: small;\"><span style=\"caret-color: #000000;\">\u00a0<a href=\"https:\/\/mittner.de\/wp-content\/uploads\/2018\/07\/Sekretaer.jpg\"><img loading=\"lazy\" class=\"aligncenter size-medium wp-image-12\" src=\"https:\/\/mittner.de\/wp-content\/uploads\/2018\/07\/Sekretaer-251x300.jpg\" alt=\"\" width=\"251\" height=\"300\" srcset=\"https:\/\/mittner.de\/wp-content\/uploads\/2018\/07\/Sekretaer-251x300.jpg 251w, https:\/\/mittner.de\/wp-content\/uploads\/2018\/07\/Sekretaer.jpg 306w\" sizes=\"(max-width: 251px) 100vw, 251px\" \/><\/a><\/span><\/span><\/td>\n<\/tr>\n<\/tbody>\n<\/table>\n<p>&nbsp;<\/p>\n<p>&nbsp;<\/p>\n<table class=\"alignleft\" style=\"width: 70%; border-collapse: collapse; border-style: none;\" border=\"1\">\n<tbody>\n<tr>\n<td style=\"width: 34.344338469063345%; text-align: center; background-color: #fffcad; border-color: #cccccc;\"><span style=\"font-family: arial, helvetica, sans-serif; font-size: 10pt; color: #000000;\">Esstisch Model 1900<\/span><\/td>\n<td style=\"width: 65.65566153093665%; text-align: center; background-color: #fffcad; border-color: #cccccc;\"><span style=\"color: #000000;\"><span style=\"caret-color: #000000;\">Info<\/span><\/span><\/td>\n<\/tr>\n<tr>\n<td style=\"width: 34.344338469063345%; border-color: #cccccc;\">\n<div align=\"left\">\n<p><a href=\"https:\/\/mittner.de\/wp-content\/uploads\/2018\/07\/Runder_Tisch_mit_deko_weizen.jpg\"><img loading=\"lazy\" class=\"aligncenter size-full wp-image-24\" src=\"https:\/\/mittner.de\/wp-content\/uploads\/2018\/07\/Runder_Tisch_mit_deko_weizen.jpg\" alt=\"\" width=\"152\" height=\"223\" \/><\/a><\/p>\n<\/div>\n<\/td>\n<td style=\"width: 65.65566153093665%; border-color: #cccccc; vertical-align: top;\"><span style=\"color: #000000; font-family: arial, helvetica, sans-serif; font-size: small;\"><span style=\"font-family: arial, helvetica, sans-serif; font-size: small;\"><span style=\"caret-color: #000000;\">\u00a0<\/span><\/span><\/span><span style=\"color: #000000;\">Modell 1900<\/span><\/p>\n<p><span style=\"color: #000000;\"><b>Ausf\u00fchrung:<br \/>\nEsche massiv <\/b><\/span><\/p>\n<p><span style=\"color: #000000;\"><b>Alternative: massiv in Kirschbaum, Ahorn, Birke, Eiche usw.<\/b><\/span><\/p>\n<p><span style=\"color: #000000;\">Durchmesser: 110 cm<\/span><\/p>\n<p><span style=\"color: #000000;\">In allen Ma\u00dfen m\u00f6glich!<\/span><\/td>\n<\/tr>\n<\/tbody>\n<\/table>\n<p>&nbsp;<\/p>\n<p>&nbsp;<\/p>\n<table class=\"alignright\" style=\"width: 70%; border-collapse: collapse; border-style: none;\" border=\"1\">\n<tbody>\n<tr>\n<td style=\"width: 64.92645291913144%; text-align: center; background-color: #fffcad; border-color: #cccccc;\"><span style=\"font-family: arial, helvetica, sans-serif; font-size: 10pt; color: #000000;\">Info<\/span><\/td>\n<td style=\"width: 35.073547080868565%; text-align: center; background-color: #fffcad; border-color: #cccccc;\"><span style=\"color: #000000;\">halbrunder Tisch<\/span><\/td>\n<\/tr>\n<tr>\n<td style=\"width: 64.92645291913144%; border-color: #cccccc; vertical-align: top;\"><span style=\"color: #000000;\">halbrunder Tisch<\/span><br \/>\n<span style=\"color: #000000;\"><b><br \/>\nAusf\u00fchrung:<br \/>\nNussbaum massiv <\/b><\/span><span style=\"color: #000000;\"><b>Alternative: massiv in Kirschbaum, Ahorn, Birke, Eiche, Esche usw.<\/b><\/span><span style=\"color: #000000;\">Ma\u00dfe: 80 cm breit 35 cm tief<\/span><span style=\"color: #000000;\">In allen Ma\u00dfen m\u00f6glich!<\/span><\/td>\n<td style=\"width: 35.073547080868565%; border-color: #cccccc; vertical-align: top;\"><span style=\"color: #000000; font-family: arial, helvetica, sans-serif; font-size: small;\"><span style=\"caret-color: #000000;\">\u00a0<a style=\"color: #000000;\" href=\"https:\/\/mittner.de\/wp-content\/uploads\/2018\/07\/halbr_Tisch_m_Spiegel.jpg\"><img loading=\"lazy\" class=\"aligncenter wp-image-14 size-medium\" src=\"https:\/\/mittner.de\/wp-content\/uploads\/2018\/07\/halbr_Tisch_m_Spiegel-128x300.jpg\" alt=\"\" width=\"128\" height=\"300\" srcset=\"https:\/\/mittner.de\/wp-content\/uploads\/2018\/07\/halbr_Tisch_m_Spiegel-128x300.jpg 128w, https:\/\/mittner.de\/wp-content\/uploads\/2018\/07\/halbr_Tisch_m_Spiegel.jpg 178w\" sizes=\"(max-width: 128px) 100vw, 128px\" \/><\/a><\/span><\/span><\/td>\n<\/tr>\n<\/tbody>\n<\/table>\n<p>&nbsp;<\/p>\n<p>&nbsp;<\/p>\n<p>&nbsp;<\/p>\n<p>&nbsp;<\/p>\n<p>&nbsp;<\/p>\n<p>&nbsp;<\/p>\n<p>&nbsp;<\/p>\n<p>&nbsp;<\/p>\n<p>&nbsp;<\/p>\n<p>&nbsp;<\/p>\n<p>&nbsp;<\/p>\n<p>&nbsp;<\/p>\n<p>&nbsp;<\/p>\n<p>&nbsp;<\/p>\n<p>&nbsp;<\/p>\n<p>&nbsp;<\/p>\n<p>&nbsp;<\/p>\n<p>&nbsp;<\/p>\n<p>&nbsp;<\/p>\n<p><span style=\"font-family: arial, helvetica, sans-serif; color: #000000;\"><b>Wir sind an <\/b><\/span><span style=\"font-family: arial, helvetica, sans-serif; color: #000000;\"><b>offenen Marktsonntagen f\u00fcr Sie da.<\/b><\/span><\/p>\n<p>&nbsp;<\/p>\n<p>&nbsp;<\/p>\n<p>&nbsp;<\/p>\n<p><span style=\"font-family: arial, helvetica, sans-serif; color: #000000;\"><b>Besuchen Sie uns einfach und lassen Sie sich \u00fcberraschen.<\/b><\/span><\/p>\n<table class=\"alignleft\" style=\"width: 80%; border-collapse: collapse; border-style: none;\" border=\"1\">\n<tbody>\n<tr>\n<td style=\"width: 34.75180238081931%; text-align: center; background-color: #fffcad; border-color: #cccccc;\"><span style=\"font-family: arial, helvetica, sans-serif; font-size: 10pt; color: #000000;\">Schreibtisch<\/span><\/td>\n<td style=\"width: 65.24819761918067%; text-align: center; background-color: #fffcad; border-color: #cccccc;\"><span style=\"font-family: arial, helvetica, sans-serif; font-size: 10pt; color: #000000;\">Info<\/span><\/td>\n<\/tr>\n<tr>\n<td style=\"width: 34.75180238081931%; border-color: #cccccc;\"><a href=\"https:\/\/mittner.de\/wp-content\/uploads\/2018\/07\/Schreibtisch2_100._jpg.jpg\"><img loading=\"lazy\" class=\"aligncenter size-full wp-image-19\" src=\"https:\/\/mittner.de\/wp-content\/uploads\/2018\/07\/Schreibtisch2_100._jpg.jpg\" alt=\"\" width=\"190\" height=\"162\" \/><\/a><\/td>\n<td style=\"width: 65.24819761918067%; border-color: #cccccc; vertical-align: top;\"><span style=\"color: #000000; font-family: arial, helvetica, sans-serif; font-size: small;\"><span style=\"color: #000000; font-family: arial, helvetica, sans-serif; font-size: small;\"><span style=\"caret-color: #000000;\"><span style=\"color: #000000;\">Schreibtisch<\/span><br \/>\n<span style=\"color: #000000;\"><b><br \/>\nAusf\u00fchrung:<br \/>\nKirschbaum massiv <\/b><\/span><\/span><\/span><\/span><span style=\"color: #000000;\"><b>Alternative: massiv in Ahorn, Birke, Eiche, Esche usw.<\/b><\/span><span style=\"color: #000000;\">Plattenma\u00df: 100 x 63 cm<\/span><br \/>\n<span style=\"color: #000000;\">In allen Ma\u00dfen m\u00f6glich!<\/span><\/td>\n<\/tr>\n<\/tbody>\n<\/table>\n<p>&nbsp;<\/p>\n<p>&nbsp;<\/p>\n<p>&nbsp;<\/p>\n<p>&nbsp;<\/p>\n<p>&nbsp;<\/p>\n<p>&nbsp;<\/p>\n<p>&nbsp;<\/p>\n<p>&nbsp;<\/p>\n<p><span style=\"font-family: arial, helvetica, sans-serif; color: #000000;\"><b>Einzelst\u00fccke vom Schreiner gefertigt &#8211; ganz nach Ihren W\u00fcnschen. <\/b><\/span><\/p>\n<p>&nbsp;<\/p>\n<table class=\"alignright\" style=\"width: 70%; border-collapse: collapse; border-style: none;\" border=\"1\">\n<tbody>\n<tr>\n<td style=\"width: 51.73501577287066%; text-align: center; background-color: #fffcad; border-color: #cccccc;\"><span style=\"font-family: arial, helvetica, sans-serif; font-size: 10pt; color: #000000;\">Info<\/span><\/td>\n<td style=\"width: 48.26498422712934%; text-align: center; background-color: #fffcad; border-color: #cccccc;\"><span style=\"font-family: arial, helvetica, sans-serif; font-size: 10pt; color: #000000;\">Objekttisch<\/span><\/td>\n<\/tr>\n<tr>\n<td style=\"width: 51.73501577287066%; border-color: #cccccc; vertical-align: top;\"><span style=\"color: #000000;\">Objekttisch<\/span><br \/>\n<span style=\"color: #000000;\"><b><br \/>\nAusf\u00fchrung:<br \/>\nKirschbaum massiv <\/b><\/span><span style=\"color: #000000;\"><b>Alternative: massiv in Ahorn, Birke, Eiche, Esche usw.<\/b><\/span><span style=\"color: #000000;\">Ma\u00dfe: 38 x 38 cm breit<\/span><br \/>\n<span style=\"color: #000000;\">In allen Ma\u00dfen m\u00f6glich!<\/span><\/td>\n<td style=\"width: 48.26498422712934%; border-color: #cccccc; vertical-align: top;\"><span style=\"color: #000000; font-family: arial, helvetica, sans-serif; font-size: small;\"><span style=\"caret-color: #000000;\"><a href=\"https:\/\/mittner.de\/wp-content\/uploads\/2018\/07\/Kachelofen_m_Objektt.jpg\"><img loading=\"lazy\" class=\"aligncenter wp-image-20 size-medium\" src=\"https:\/\/mittner.de\/wp-content\/uploads\/2018\/07\/Kachelofen_m_Objektt-216x300.jpg\" alt=\"\" width=\"216\" height=\"300\" srcset=\"https:\/\/mittner.de\/wp-content\/uploads\/2018\/07\/Kachelofen_m_Objektt-216x300.jpg 216w, https:\/\/mittner.de\/wp-content\/uploads\/2018\/07\/Kachelofen_m_Objektt.jpg 309w\" sizes=\"(max-width: 216px) 100vw, 216px\" \/><\/a><\/span><\/span><\/td>\n<\/tr>\n<\/tbody>\n<\/table>\n<p>&nbsp;<\/p>\n<p>&nbsp;<\/p>\n<table class=\"alignleft\" style=\"width: 90%; border-collapse: collapse; border-style: none;\" border=\"1\">\n<tbody>\n<tr>\n<td style=\"width: 38.22085889570552%; text-align: center; background-color: #fffcad; border-color: #cccccc;\"><span style=\"font-family: arial, helvetica, sans-serif; font-size: 10pt; color: #000000;\">Schreibtisch<\/span><\/td>\n<td style=\"width: 61.77914110429448%; text-align: center; background-color: #fffcad; border-color: #cccccc;\"><span style=\"font-family: arial, helvetica, sans-serif; font-size: 10pt; color: #000000;\">Info<\/span><\/td>\n<\/tr>\n<tr>\n<td style=\"width: 38.22085889570552%; border-color: #cccccc;\"><a href=\"https:\/\/mittner.de\/wp-content\/uploads\/2018\/07\/Bruns_Schreibt.jpg\"><img loading=\"lazy\" class=\"aligncenter size-medium wp-image-15\" src=\"https:\/\/mittner.de\/wp-content\/uploads\/2018\/07\/Bruns_Schreibt-267x300.jpg\" alt=\"\" width=\"267\" height=\"300\" srcset=\"https:\/\/mittner.de\/wp-content\/uploads\/2018\/07\/Bruns_Schreibt-267x300.jpg 267w, https:\/\/mittner.de\/wp-content\/uploads\/2018\/07\/Bruns_Schreibt.jpg 416w\" sizes=\"(max-width: 267px) 100vw, 267px\" \/><\/a><\/td>\n<td style=\"width: 61.77914110429448%; border-color: #cccccc; vertical-align: top;\"><span style=\"color: #000000; font-family: inherit; font-size: inherit;\">Schreibtisch<\/span><span style=\"color: #000000;\"><b><br \/>\nAusf\u00fchrung:<br \/>\nKirschbaum massiv<br \/>\n2 Schubl\u00e4den<\/b><\/span><span style=\"color: #000000;\"><b>Alternative: massiv in Ahorn, Birke, Eiche, Esche usw.<\/b><\/span><span style=\"color: #000000;\">Plattenma\u00df: 120 x 63 cm<\/span><br \/>\n<span style=\"color: #000000;\">In allen Ma\u00dfen m\u00f6glich!<\/span><\/td>\n<\/tr>\n<\/tbody>\n<\/table>\n<p>&nbsp;<\/p>\n<p>&nbsp;<\/p>\n<table class=\"alignright\" style=\"width: 70%; border-collapse: collapse; border-style: none;\" border=\"1\">\n<tbody>\n<tr>\n<td style=\"width: 50%; text-align: center; background-color: #fffcad; border-color: #cccccc;\"><span style=\"font-family: arial, helvetica, sans-serif; font-size: 10pt; color: #000000;\">Info<\/span><\/td>\n<td style=\"width: 50%; text-align: center; background-color: #fffcad; border-color: #cccccc;\"><span style=\"font-family: arial, helvetica, sans-serif; font-size: 10pt; color: #000000;\">Couchtisch<\/span><\/td>\n<\/tr>\n<tr>\n<td style=\"width: 50%; border-color: #cccccc;\"><span style=\"color: #000000;\">Couchtisch<\/span><br \/>\n<span style=\"color: #000000;\"><b><br \/>\nAusf\u00fchrung:<br \/>\nKirschbaum massiv <\/b><\/span><span style=\"color: #000000;\"><b>Alternative: massiv in Ahorn, Birke, Eiche, Esche usw.<\/b><\/span><span style=\"color: #000000;\">Ma\u00dfe: 110 x 65 cm H\u00f6he: 50 cm<\/span><span style=\"color: #000000;\">In allen Ma\u00dfen m\u00f6glich!<\/span><\/td>\n<td style=\"width: 50%; border-color: #cccccc; vertical-align: top;\"><span style=\"color: #000000; font-family: arial, helvetica, sans-serif; font-size: small;\"><span style=\"caret-color: #000000;\">\u00a0<a href=\"https:\/\/mittner.de\/wp-content\/uploads\/2018\/07\/couchtisch_Freundorfer.jpg\"><img loading=\"lazy\" class=\"aligncenter size-full wp-image-28\" src=\"https:\/\/mittner.de\/wp-content\/uploads\/2018\/07\/couchtisch_Freundorfer.jpg\" alt=\"\" width=\"266\" height=\"296\" \/><\/a><\/span><\/span><\/td>\n<\/tr>\n<\/tbody>\n<\/table>\n<p>&nbsp;<\/p>\n<p>&nbsp;<\/p>\n<table class=\"alignleft\" style=\"width: 90%; border-collapse: collapse; border-style: none;\" border=\"1\">\n<tbody>\n<tr style=\"height: 21px;\">\n<td style=\"width: 37.5019921243395%; text-align: center; background-color: #fffcad; border-color: #cccccc; height: 21px;\"><span style=\"font-family: arial, helvetica, sans-serif; font-size: 10pt; color: #000000;\">Tisch<\/span><\/td>\n<td style=\"width: 62.4980078756605%; text-align: center; background-color: #fffcad; border-color: #cccccc; height: 21px;\"><span style=\"font-family: arial, helvetica, sans-serif; font-size: 10pt; color: #000000;\">Info<\/span><\/td>\n<\/tr>\n<tr style=\"height: 278px;\">\n<td style=\"width: 37.5019921243395%; border-color: #cccccc; height: 278px;\"><a href=\"https:\/\/mittner.de\/wp-content\/uploads\/2018\/07\/Apfelbaumt_66-.jpg\"><img loading=\"lazy\" class=\"aligncenter size-full wp-image-29\" src=\"https:\/\/mittner.de\/wp-content\/uploads\/2018\/07\/Apfelbaumt_66-.jpg\" alt=\"\" width=\"287\" height=\"219\" \/><\/a><\/td>\n<td style=\"width: 62.4980078756605%; border-color: #cccccc; vertical-align: top; height: 278px;\"><span style=\"font-family: inherit; font-size: inherit; color: #000000;\">Tisch<\/span><span style=\"color: #000000;\"><b><br \/>\nAusf\u00fchrung:<br \/>\nApfelbaum massiv<br \/>\n1 Schublade<\/b><\/span><span style=\"color: #000000;\"><b>Alternative: massiv in Kirschbaum, Ahorn, Birke, Eiche, Esche usw.<\/b><\/span><span style=\"color: #000000;\">Plattenma\u00df: 66 x 42 cm<\/span><span style=\"color: #000000;\">In allen Ma\u00dfen m\u00f6glich!<\/span><\/td>\n<\/tr>\n<\/tbody>\n<\/table>\n<p>&nbsp;<\/p>\n<p>&nbsp;<\/p>\n<table class=\"alignright\" style=\"width: 90%; border-collapse: collapse; border-style: none;\" border=\"1\">\n<tbody>\n<tr>\n<td style=\"width: 60.12587131263587%; text-align: center; background-color: #fffcad; border-color: #cccccc;\"><span style=\"font-family: arial, helvetica, sans-serif; font-size: 10pt; color: #000000;\">Info<\/span><\/td>\n<td style=\"width: 39.87412868736413%; text-align: center; background-color: #fffcad; border-color: #cccccc;\"><span style=\"font-family: arial, helvetica, sans-serif; font-size: 10pt; color: #000000;\">Esstisch<\/span><\/td>\n<\/tr>\n<tr>\n<td style=\"width: 60.12587131263587%; border-color: #cccccc;\"><span style=\"color: #000000;\">Esstisch<\/span><br \/>\n<span style=\"color: #000000;\"><b><br \/>\nAusf\u00fchrung:<br \/>\nKirschbaum massiv <\/b><\/span><span style=\"color: #000000;\"><b>Alternative: massiv in Ahorn, Birke, Eiche, Esche usw.<\/b><\/span><span style=\"color: #000000;\">Ma\u00dfe: 150 x 120 cm breit<\/span><br \/>\n<span style=\"color: #000000;\">mit 2 Schubl\u00e4den<\/span><span style=\"color: #000000;\">In allen Ma\u00dfen m\u00f6glich!<\/span><\/td>\n<td style=\"width: 39.87412868736413%; border-color: #cccccc; vertical-align: top;\"><span style=\"color: #000000; font-family: arial, helvetica, sans-serif; font-size: small;\"><span style=\"caret-color: #000000;\">\u00a0<a href=\"https:\/\/mittner.de\/wp-content\/uploads\/2018\/07\/Tisch_Theurer.jpg\"><img loading=\"lazy\" class=\"aligncenter size-medium wp-image-22\" src=\"https:\/\/mittner.de\/wp-content\/uploads\/2018\/07\/Tisch_Theurer-300x225.jpg\" alt=\"\" width=\"300\" height=\"225\" srcset=\"https:\/\/mittner.de\/wp-content\/uploads\/2018\/07\/Tisch_Theurer-300x225.jpg 300w, https:\/\/mittner.de\/wp-content\/uploads\/2018\/07\/Tisch_Theurer.jpg 400w\" sizes=\"(max-width: 300px) 100vw, 300px\" \/><\/a><\/span><\/span><\/td>\n<\/tr>\n<\/tbody>\n<\/table>\n<p>&nbsp;<\/p>\n","protected":false},"excerpt":{"rendered":"<p>Ihr Partner f\u00fcr biologisches Wohnen und spezielle Sonderanfertigungen [ Tische ] Besuchen Sie unsere Schreinerei + Ausstellungsr\u00e4ume in der Tr\u00e4nkgasse 10 BEISPIELE Info Esstisch Model 1900 Modell 1900 Ausf\u00fchrung: Gestell Kirschbaum massiv Platte: Kirschbaum massiv 2 Schubl\u00e4den Alternative: massiv in Ahorn, Birke, Eiche, Esche usw. St\u00fchle Modell 1900\/2 Kirschbaum massiv Ma\u00dfe: 180 x 90 cm [&hellip;]<\/p>\n","protected":false},"author":1,"featured_media":0,"parent":0,"menu_order":0,"comment_status":"closed","ping_status":"closed","template":"page-templates\/page-nosidebars.php","meta":[],"_links":{"self":[{"href":"https:\/\/mittner.de\/index.php?rest_route=\/wp\/v2\/pages\/413"}],"collection":[{"href":"https:\/\/mittner.de\/index.php?rest_route=\/wp\/v2\/pages"}],"about":[{"href":"https:\/\/mittner.de\/index.php?rest_route=\/wp\/v2\/types\/page"}],"author":[{"embeddable":true,"href":"https:\/\/mittner.de\/index.php?rest_route=\/wp\/v2\/users\/1"}],"replies":[{"embeddable":true,"href":"https:\/\/mittner.de\/index.php?rest_route=%2Fwp%2Fv2%2Fcomments&post=413"}],"version-history":[{"count":17,"href":"https:\/\/mittner.de\/index.php?rest_route=\/wp\/v2\/pages\/413\/revisions"}],"predecessor-version":[{"id":510,"href":"https:\/\/mittner.de\/index.php?rest_route=\/wp\/v2\/pages\/413\/revisions\/510"}],"wp:attachment":[{"href":"https:\/\/mittner.de\/index.php?rest_route=%2Fwp%2Fv2%2Fmedia&parent=413"}],"curies":[{"name":"wp","href":"https:\/\/api.w.org\/{rel}","templated":true}]}}