{"id":410,"date":"2018-07-15T09:43:01","date_gmt":"2018-07-15T09:43:01","guid":{"rendered":"http:\/\/mittner.de\/?page_id=410"},"modified":"2018-07-16T07:42:39","modified_gmt":"2018-07-16T07:42:39","slug":"produkte-baenke","status":"publish","type":"page","link":"https:\/\/mittner.de\/?page_id=410","title":{"rendered":"B\u00e4nke"},"content":{"rendered":"<p style=\"text-align: center;\"><span class=\"BODY\" style=\"color: #339966; font-family: 'times new roman', times, serif; font-size: 18pt;\"><span class=\"Schrift10\"><span class=\"Schrift8\"><span class=\"Ueberschrift\"><b><strong>Ihr Partner f\u00fcr biologisches Wohnen und spezielle Sonderanfertigungen<\/strong><\/b><\/span><\/span><\/span><\/span><\/p>\n<p class=\"Ueberschrift_links\" style=\"text-align: center;\" align=\"left\"><span style=\"color: #000000; font-family: arial, helvetica, sans-serif; font-size: 12pt;\"><span class=\"BODY\"><span class=\"Schrift10\"><span class=\"Schrift8\"><span class=\"Ueberschrift\"><span class=\"Ueberschrift_links\">[ <\/span><span class=\"Ueberschrift_links\">B\u00e4nke <\/span><\/span><\/span><\/span><\/span><span class=\"BODY\"><span class=\"Schrift10\"><span class=\"Schrift8\"><span class=\"Ueberschrift\"><span class=\"Ueberschrift_links\">]<\/span><\/span><\/span><\/span><\/span><\/span><\/p>\n<p style=\"text-align: center;\" align=\"center\"><span class=\"BODY\" style=\"color: #000000; font-size: 12pt;\"><span style=\"font-family: Georgia, 'Times New Roman', Times, serif;\"><span class=\"Schrift10\"><span class=\"Schrift8\"><span class=\"Ueberschrift\"><b>Besuchen Sie unsere Schreinerei + Ausstellungsr\u00e4ume<br \/>\n<\/b><span class=\"Ueberschrift_zentriert\"><b>in der Tr\u00e4nkgasse 10 <\/b><\/span><\/span><\/span><\/span><\/span><\/span><\/p>\n<p class=\"Ueberschrift_zentriert\" style=\"text-align: center;\"><span style=\"font-size: 12pt; color: #000000;\"><b>BEISPIELE<\/b><\/span><\/p>\n<p>&nbsp;<\/p>\n<table class=\"alignright\" style=\"width: 80%; border-collapse: collapse; border-style: none;\" border=\"1\">\n<tbody>\n<tr>\n<td style=\"width: 47.02127659574468%; text-align: center; background-color: #fffcad; border-color: #cccccc;\"><span style=\"font-family: arial, helvetica, sans-serif; font-size: 10pt; color: #000000;\">Eckbank Modell 1900<\/span><\/td>\n<td style=\"width: 52.97872340425532%; text-align: center; background-color: #fffcad; border-color: #cccccc;\"><span style=\"font-family: arial, helvetica, sans-serif; font-size: 10pt; color: #000000;\">Info<\/span><\/td>\n<\/tr>\n<tr>\n<td style=\"width: 47.02127659574468%; border-color: #cccccc;\"><a href=\"https:\/\/mittner.de\/wp-content\/uploads\/2018\/07\/Eckbank_mit_Deko.jpg\"><img loading=\"lazy\" class=\"aligncenter size-medium wp-image-46\" src=\"https:\/\/mittner.de\/wp-content\/uploads\/2018\/07\/Eckbank_mit_Deko-282x300.jpg\" alt=\"\" width=\"282\" height=\"300\" srcset=\"https:\/\/mittner.de\/wp-content\/uploads\/2018\/07\/Eckbank_mit_Deko-282x300.jpg 282w, https:\/\/mittner.de\/wp-content\/uploads\/2018\/07\/Eckbank_mit_Deko.jpg 308w\" sizes=\"(max-width: 282px) 100vw, 282px\" \/><\/a><\/td>\n<td style=\"width: 52.97872340425532%; border-color: #cccccc; vertical-align: top;\"><span style=\"font-family: inherit; font-size: inherit; color: #000000;\">Eckbank Modell 1900<\/span><\/p>\n<div align=\"left\">\n<p><span style=\"color: #000000;\"><b>Ausf\u00fchrung:\u00a0Kirschbaum massiv <\/b><\/span><\/p>\n<p><span style=\"color: #000000;\"><b>Alternative: massiv in Ahorn, Birke, Eiche, Esche usw.<\/b><\/span><\/p>\n<p><span style=\"color: #000000;\">Grundmodell: 170 x 170 cm, 90 cm hoch, 55 cm tief<\/span><\/p>\n<p><span style=\"color: #000000;\"><b>In allen Ma\u00dfen m\u00f6glich, auch als U-Bank<\/b><\/span><\/p>\n<p><span style=\"color: #000000;\"><b>ebenso auf Wunsch, andere Sitzh\u00f6hen, Sitztiefen, sowie <\/b><b>Gesamth\u00f6hen<\/b><\/span><\/p>\n<\/div>\n<\/td>\n<\/tr>\n<\/tbody>\n<\/table>\n<p>&nbsp;<\/p>\n<p>&nbsp;<\/p>\n<table class=\"alignleft\" style=\"width: 70%; border-collapse: collapse; border-style: none;\" border=\"1\">\n<tbody>\n<tr>\n<td style=\"width: 45.78606158833063%; text-align: center; background-color: #fffcad; border-color: #cccccc;\"><span style=\"font-family: arial, helvetica, sans-serif; font-size: 10pt; color: #000000;\">Info<\/span><\/td>\n<td style=\"width: 54.21393841166937%; text-align: center; background-color: #fffcad; border-color: #cccccc;\"><span style=\"font-family: arial, helvetica, sans-serif; font-size: 10pt; color: #000000;\">Bankteil Modell 1900<\/span><\/td>\n<\/tr>\n<tr>\n<td style=\"width: 45.78606158833063%; border-color: #cccccc;\"><span style=\"color: #000000;\">Bankteil Modell 1900 mit Sprossen<\/span><\/p>\n<p><span style=\"color: #000000;\"><b>Ausf\u00fchrung:<br \/>\nKirschbaum massiv <\/b><\/span><\/p>\n<p><span style=\"color: #000000;\"><b>Alternative: massiv in Ahorn, Birke, Eiche, Esche usw.<\/b><\/span><\/p>\n<p><span style=\"color: #000000;\"><b>In allen Ma\u00dfen m\u00f6glich, <\/b><\/span><\/p>\n<p><span style=\"color: #000000;\"><b>ebenso auf Wunsch, andere Sitzh\u00f6hen, Sitztiefen, sowie <\/b><b>Gesamth\u00f6hen<\/b><\/span><\/td>\n<td style=\"width: 54.21393841166937%; border-color: #cccccc; vertical-align: top;\"><span style=\"color: #000000; font-family: arial, helvetica, sans-serif; font-size: small;\"><span style=\"caret-color: #000000;\">\u00a0<a href=\"https:\/\/mittner.de\/wp-content\/uploads\/2018\/07\/Sprossenbank_.jpg\"><img loading=\"lazy\" class=\"aligncenter size-medium wp-image-51\" src=\"https:\/\/mittner.de\/wp-content\/uploads\/2018\/07\/Sprossenbank_-300x200.jpg\" alt=\"\" width=\"300\" height=\"200\" srcset=\"https:\/\/mittner.de\/wp-content\/uploads\/2018\/07\/Sprossenbank_-300x200.jpg 300w, https:\/\/mittner.de\/wp-content\/uploads\/2018\/07\/Sprossenbank_.jpg 584w\" sizes=\"(max-width: 300px) 100vw, 300px\" \/><\/a><\/span><\/span><\/td>\n<\/tr>\n<\/tbody>\n<\/table>\n<p>&nbsp;<\/p>\n<p>&nbsp;<\/p>\n<table class=\"alignright\" style=\"width: 70%; border-collapse: collapse; border-style: none;\" border=\"1\">\n<tbody>\n<tr>\n<td style=\"width: 54.70016207455429%; text-align: center; background-color: #fffcad; border-color: #cccccc;\"><span style=\"color: #000000; font-family: arial, helvetica, sans-serif; font-size: small;\"><span style=\"caret-color: #000000;\">Bankteil Modell 1900\u00a0<\/span><\/span><\/td>\n<td style=\"width: 45.29983792544571%; text-align: center; background-color: #fffcad; border-color: #cccccc;\"><span style=\"font-family: arial, helvetica, sans-serif; font-size: 10pt; color: #000000;\">Info<\/span><\/td>\n<\/tr>\n<tr>\n<td style=\"width: 54.70016207455429%; border-color: #cccccc;\"><a href=\"https:\/\/mittner.de\/wp-content\/uploads\/2018\/07\/Ma_auf_Bank_150.jpg\"><img loading=\"lazy\" class=\"aligncenter size-medium wp-image-50\" src=\"https:\/\/mittner.de\/wp-content\/uploads\/2018\/07\/Ma_auf_Bank_150-300x200.jpg\" alt=\"\" width=\"300\" height=\"200\" srcset=\"https:\/\/mittner.de\/wp-content\/uploads\/2018\/07\/Ma_auf_Bank_150-300x200.jpg 300w, https:\/\/mittner.de\/wp-content\/uploads\/2018\/07\/Ma_auf_Bank_150.jpg 412w\" sizes=\"(max-width: 300px) 100vw, 300px\" \/><\/a><\/td>\n<td style=\"width: 45.29983792544571%; border-color: #cccccc; vertical-align: top;\"><span style=\"color: #000000; font-family: inherit; font-size: inherit;\">Bankteil Modell 1900 mit schwarzen Sprossen und Armlehnen<\/span><\/p>\n<p align=\"left\"><span style=\"color: #000000;\"><b><br \/>\nAusf\u00fchrung:\u00a0Kirschbaum massiv <\/b><\/span><\/p>\n<p align=\"left\"><span style=\"color: #000000;\"><b>Alternative: massiv in Ahorn, Birke, Eiche, Esche usw.<\/b><b><br \/>\n<\/b><\/span><\/p>\n<p><span style=\"color: #000000;\"><b>In allen Ma\u00dfen m\u00f6glich, <\/b><\/span><\/p>\n<p><span style=\"color: #000000;\"><b>ebenso auf Wunsch, andere Sitzh\u00f6hen, Sitztiefen, sowie <\/b><b>Gesamth\u00f6hen<\/b><\/span><\/td>\n<\/tr>\n<\/tbody>\n<\/table>\n<p>&nbsp;<\/p>\n<p>&nbsp;<\/p>\n<table class=\"alignleft\" style=\"width: 70%; border-collapse: collapse; border-style: none;\" border=\"1\">\n<tbody>\n<tr>\n<td style=\"width: 50%; text-align: center; background-color: #fffcad; border-color: #cccccc;\"><span style=\"font-family: arial, helvetica, sans-serif; font-size: 10pt; color: #000000;\">Info<\/span><\/td>\n<td style=\"width: 50%; text-align: center; background-color: #fffcad; border-color: #cccccc;\"><span style=\"color: #000000; font-family: arial, helvetica, sans-serif; font-size: small;\"><span style=\"caret-color: #000000;\">\u00a0<span style=\"color: #000000; font-family: arial, helvetica, sans-serif; font-size: small;\">Bankteil Modell 1900\u00a0<\/span><\/span><\/span><\/td>\n<\/tr>\n<tr>\n<td style=\"width: 50%; border-color: #cccccc;\"><span style=\"color: #000000;\">Bankteil Modell 1900 mit Sprossen + 2 Schubl\u00e4den<\/span><\/p>\n<p><span style=\"color: #000000;\"><b>Ausf\u00fchrung:<br \/>\nKirschbaum massiv <\/b><\/span><span style=\"color: #000000;\"><b>Alternative: massiv in Ahorn, Birke, Eiche, Esche usw.<\/b><\/span><\/p>\n<p><span style=\"color: #000000;\"><b>In allen Ma\u00dfen m\u00f6glich,<\/b><\/span><\/p>\n<p><span style=\"color: #000000;\"><b>ebenso auf Wunsch, andere Sitzh\u00f6hen, Sitztiefen, sowie <\/b><b>Gesamth\u00f6hen<\/b><\/span><\/td>\n<td style=\"width: 50%; border-color: #cccccc; vertical-align: top;\"><span style=\"color: #000000; font-family: arial, helvetica, sans-serif; font-size: small;\"><span style=\"caret-color: #000000;\">\u00a0<a href=\"https:\/\/mittner.de\/wp-content\/uploads\/2018\/07\/Bank_m_Schubl.jpg\"><img loading=\"lazy\" class=\"aligncenter size-medium wp-image-48\" src=\"https:\/\/mittner.de\/wp-content\/uploads\/2018\/07\/Bank_m_Schubl-300x213.jpg\" alt=\"\" width=\"300\" height=\"213\" srcset=\"https:\/\/mittner.de\/wp-content\/uploads\/2018\/07\/Bank_m_Schubl-300x213.jpg 300w, https:\/\/mittner.de\/wp-content\/uploads\/2018\/07\/Bank_m_Schubl.jpg 478w\" sizes=\"(max-width: 300px) 100vw, 300px\" \/><\/a><\/span><\/span><\/td>\n<\/tr>\n<\/tbody>\n<\/table>\n<p>&nbsp;<\/p>\n<p>&nbsp;<\/p>\n<table class=\"alignright\" style=\"width: 70%; border-collapse: collapse; border-style: none;\" border=\"1\">\n<tbody>\n<tr>\n<td style=\"width: 50%; text-align: center; background-color: #fffcad; border-color: #cccccc;\"><span style=\"font-family: arial, helvetica, sans-serif; font-size: 10pt; color: #000000;\">Sprosseneckbank<\/span><\/td>\n<td style=\"width: 50%; text-align: center; background-color: #fffcad; border-color: #cccccc;\"><span style=\"font-family: arial, helvetica, sans-serif; font-size: 10pt; color: #000000;\">Info<\/span><\/td>\n<\/tr>\n<tr>\n<td style=\"width: 50%; border-color: #cccccc;\"><a href=\"https:\/\/mittner.de\/wp-content\/uploads\/2018\/07\/Freundorfer_Sprosseneckb_pg.jpg\"><img loading=\"lazy\" class=\"aligncenter size-medium wp-image-54\" src=\"https:\/\/mittner.de\/wp-content\/uploads\/2018\/07\/Freundorfer_Sprosseneckb_pg-300x225.jpg\" alt=\"\" width=\"300\" height=\"225\" srcset=\"https:\/\/mittner.de\/wp-content\/uploads\/2018\/07\/Freundorfer_Sprosseneckb_pg-300x225.jpg 300w, https:\/\/mittner.de\/wp-content\/uploads\/2018\/07\/Freundorfer_Sprosseneckb_pg.jpg 384w\" sizes=\"(max-width: 300px) 100vw, 300px\" \/><\/a><\/td>\n<td style=\"width: 50%; border-color: #cccccc; vertical-align: top;\"><span style=\"color: #000000;\"><span style=\"font-family: inherit; font-size: inherit;\">Sprosseneckbank 265 x 170 cm<\/span><\/span><span style=\"color: #000000;\"><b><br \/>\nAusf\u00fchrung:<br \/>\nKirschbaum massiv <\/b><\/span><\/p>\n<p><span style=\"color: #000000;\"><b>Alternative: massiv in Ahorn, Birke, Eiche, Esche usw.<\/b><\/span><\/p>\n<p><span style=\"color: #000000;\"><b>In allen Ma\u00dfen m\u00f6glich, auch als U-Bank<\/b><\/span><\/p>\n<p><span style=\"color: #000000;\"><b>ebenso auf Wunsch, andere Sitzh\u00f6hen, Sitztiefen, sowie <\/b><b>Gesamth\u00f6hen<\/b><\/span><\/td>\n<\/tr>\n<\/tbody>\n<\/table>\n<p>&nbsp;<\/p>\n<p>&nbsp;<\/p>\n<table class=\"alignleft\" style=\"width: 70%; border-collapse: collapse; border-style: none;\" border=\"1\">\n<tbody>\n<tr>\n<td style=\"width: 50%; text-align: center; background-color: #fffcad; border-color: #cccccc;\"><span style=\"font-family: arial, helvetica, sans-serif; font-size: 10pt; color: #000000;\">Info<\/span><\/td>\n<td style=\"width: 50%; text-align: center; background-color: #fffcad; border-color: #cccccc;\"><span style=\"color: #000000; font-family: arial, helvetica, sans-serif; font-size: small;\"><span style=\"caret-color: #000000;\">Bett Melanie<\/span><\/span><\/td>\n<\/tr>\n<tr>\n<td style=\"width: 50%; border-color: #cccccc;\"><span style=\"color: #000000;\">Bett: Innenma\u00df: 200\/120 cm<\/span><br \/>\n<span style=\"color: #000000;\"><b><br \/>\nAusf\u00fchrung:<br \/>\nKirschbaum massiv <\/b><\/span><\/p>\n<p><span style=\"color: #000000;\"><b>Alternative: massiv in Ahorn, Birke, Eiche, Esche usw.<br \/>\n<\/b><b><br \/>\n<\/b>In allen Ma\u00dfen m\u00f6glich!<\/span><\/td>\n<td style=\"width: 50%; border-color: #cccccc; vertical-align: top;\"><span style=\"color: #000000; font-family: arial, helvetica, sans-serif; font-size: small;\"><span style=\"caret-color: #000000;\">\u00a0<a href=\"https:\/\/mittner.de\/wp-content\/uploads\/2018\/07\/Bett_Melanie.jpg\"><img loading=\"lazy\" class=\"aligncenter size-medium wp-image-47\" src=\"https:\/\/mittner.de\/wp-content\/uploads\/2018\/07\/Bett_Melanie-300x193.jpg\" alt=\"\" width=\"300\" height=\"193\" srcset=\"https:\/\/mittner.de\/wp-content\/uploads\/2018\/07\/Bett_Melanie-300x193.jpg 300w, https:\/\/mittner.de\/wp-content\/uploads\/2018\/07\/Bett_Melanie.jpg 339w\" sizes=\"(max-width: 300px) 100vw, 300px\" \/><\/a><\/span><\/span><\/td>\n<\/tr>\n<\/tbody>\n<\/table>\n<p>&nbsp;<\/p>\n<p>&nbsp;<\/p>\n<p>&nbsp;<\/p>\n<p style=\"text-align: center;\">\n","protected":false},"excerpt":{"rendered":"<p>Ihr Partner f\u00fcr biologisches Wohnen und spezielle Sonderanfertigungen [ B\u00e4nke ] Besuchen Sie unsere Schreinerei + Ausstellungsr\u00e4ume in der Tr\u00e4nkgasse 10 BEISPIELE &nbsp; Eckbank Modell 1900 Info Eckbank Modell 1900 Ausf\u00fchrung:\u00a0Kirschbaum massiv Alternative: massiv in Ahorn, Birke, Eiche, Esche usw. Grundmodell: 170 x 170 cm, 90 cm hoch, 55 cm tief In allen Ma\u00dfen m\u00f6glich, [&hellip;]<\/p>\n","protected":false},"author":1,"featured_media":0,"parent":0,"menu_order":0,"comment_status":"closed","ping_status":"closed","template":"page-templates\/page-nosidebars.php","meta":[],"_links":{"self":[{"href":"https:\/\/mittner.de\/index.php?rest_route=\/wp\/v2\/pages\/410"}],"collection":[{"href":"https:\/\/mittner.de\/index.php?rest_route=\/wp\/v2\/pages"}],"about":[{"href":"https:\/\/mittner.de\/index.php?rest_route=\/wp\/v2\/types\/page"}],"author":[{"embeddable":true,"href":"https:\/\/mittner.de\/index.php?rest_route=\/wp\/v2\/users\/1"}],"replies":[{"embeddable":true,"href":"https:\/\/mittner.de\/index.php?rest_route=%2Fwp%2Fv2%2Fcomments&post=410"}],"version-history":[{"count":4,"href":"https:\/\/mittner.de\/index.php?rest_route=\/wp\/v2\/pages\/410\/revisions"}],"predecessor-version":[{"id":495,"href":"https:\/\/mittner.de\/index.php?rest_route=\/wp\/v2\/pages\/410\/revisions\/495"}],"wp:attachment":[{"href":"https:\/\/mittner.de\/index.php?rest_route=%2Fwp%2Fv2%2Fmedia&parent=410"}],"curies":[{"name":"wp","href":"https:\/\/api.w.org\/{rel}","templated":true}]}}