{"id":198,"date":"2018-07-14T11:32:17","date_gmt":"2018-07-14T11:32:17","guid":{"rendered":"http:\/\/mittner.de\/?page_id=198"},"modified":"2019-09-22T15:05:05","modified_gmt":"2019-09-22T15:05:05","slug":"willkommen","status":"publish","type":"page","link":"https:\/\/mittner.de\/","title":{"rendered":"mittner.de"},"content":{"rendered":"\n<div id=\"metaslider-id-608\" style=\"width: 100%; margin: 0 auto;\" class=\"ml-slider-3-19-1 metaslider metaslider-flex metaslider-608 ml-slider\">\n    <div id=\"metaslider_container_608\">\n        <div id=\"metaslider_608\">\n            <ul aria-live=\"polite\" class=\"slides\">\n                <li style=\"display: block; width: 100%;\" class=\"slide-614 ms-image\"><a href=\"https:\/\/mittner.de\/?page_id=127\" target=\"_self\"><img src=\"https:\/\/mittner.de\/wp-content\/uploads\/2018\/07\/cropped-Startseite_index-Dunkles-Gr\u00b8n-ohne-Innungslogo-423x181.gif\" height=\"270\" width=\"630\" alt=\"\" class=\"slider-608 slide-614\" title=\"cropped-Startseite_index-Dunkles-Gr\u00b8n-ohne-Innungslogo.gif\" \/><\/a><\/li>\n                <li style=\"display: none; width: 100%;\" class=\"slide-609 ms-image\"><a href=\"https:\/\/mittner.de\/?page_id=538\" target=\"_self\"><img src=\"https:\/\/mittner.de\/wp-content\/uploads\/2018\/07\/Schaetze_Schild-3-509x218.jpeg\" height=\"270\" width=\"630\" alt=\"\" class=\"slider-608 slide-609\" title=\"Schaetze_Schild\" \/><\/a><\/li>\n            <\/ul>\n        <\/div>\n        \n    <\/div>\n<\/div>\n\n\n<table style=\"width: 100%; border-collapse: collapse; border-color: #cccccc;\" border=\"1\">\n<tbody>\n<tr>\n<td style=\"width: 100%; background-color: #fffcad; text-align: center; border-color: rgba(204, 204, 204, 0.8);\"><span style=\"font-size: 12pt; font-family: arial, helvetica, sans-serif;\"><strong>Herzlich willkommen bei uns in Wasserburg am Inn<\/strong><\/span><\/td>\n<\/tr>\n<tr>\n<td style=\"width: 100%; border-color: rgba(204, 204, 204, 0.8);\"><img loading=\"lazy\" class=\" wp-image-171 aligncenter\" src=\"https:\/\/mittner.de\/wp-content\/uploads\/2018\/07\/Wasserbg_Dr-1.jpg\" alt=\"\" width=\"470\" height=\"352\" srcset=\"https:\/\/mittner.de\/wp-content\/uploads\/2018\/07\/Wasserbg_Dr-1.jpg 400w, https:\/\/mittner.de\/wp-content\/uploads\/2018\/07\/Wasserbg_Dr-1-300x225.jpg 300w\" sizes=\"(max-width: 470px) 100vw, 470px\" \/><\/td>\n<\/tr>\n<\/tbody>\n<\/table>\n<table style=\"width: 100%; border-collapse: collapse;\" border=\"1\">\n<tbody>\n<tr>\n<td style=\"width: 100%; background-color: #fffcad; text-align: center; border-color: rgba(204, 204, 204, 0.8);\"><span style=\"font-size: 12pt; color: #000000;\"><strong><span style=\"font-family: arial, helvetica, sans-serif;\">Know-how f\u00fcr Sie<\/span><\/strong><\/span><\/td>\n<\/tr>\n<tr>\n<td style=\"width: 100%; border-color: rgba(204, 204, 204, 0.8);\">\n<div class=\"page\" title=\"Page 1\">\n<div class=\"section\">\n<div class=\"layoutArea\">\n<div class=\"column\">\n<ul style=\"list-style-type: circle;\">\n<li><span style=\"font-family: arial, helvetica, sans-serif; font-size: 12pt; color: #000000;\">Wir sind f\u00fcr Sie da &#8211; von der Beratung, dem Entwurf bis zur Fertigung und Auslieferung!<\/span><\/li>\n<li style=\"text-align: left;\"><strong><span style=\"font-family: arial, helvetica, sans-serif; font-size: 12pt; color: #000000;\">Wir garantieren Qualit\u00e4t, langfristigen Service und Termintreue!<\/span><\/strong><\/li>\n<\/ul>\n<ul style=\"list-style-type: disc;\">\n<li style=\"text-align: left;\"><span style=\"font-family: arial, helvetica, sans-serif; font-size: 12pt; color: #000000;\">Sonderanfertigungen nach Wunsch! Fragen Sie uns!<\/span><\/li>\n<\/ul>\n<ul>\n<li style=\"text-align: left;\"><span style=\"font-family: arial, helvetica, sans-serif; font-size: 12pt; color: #000000;\">Leben Sie nat\u00fcrlich mit Holz und in Harmonie durch Feng Shui.<\/span><\/li>\n<li style=\"text-align: left;\"><span style=\"font-family: arial, helvetica, sans-serif; font-size: 12pt; color: #000000;\">Wir laden Sie ein zum virtuellen Rundgang in die Schreinerei, in das Freigel\u00e4nde: Sch\u00e4tze ALT + NEU, sowie in den Ladenbereich<\/span><\/li>\n<\/ul>\n<\/div>\n<\/div>\n<\/div>\n<\/div>\n<\/td>\n<\/tr>\n<\/tbody>\n<\/table>","protected":false},"excerpt":{"rendered":"<p>Herzlich willkommen bei uns in Wasserburg am Inn Know-how f\u00fcr Sie Wir sind f\u00fcr Sie da &#8211; von der Beratung, dem Entwurf bis zur Fertigung und Auslieferung! Wir garantieren Qualit\u00e4t, langfristigen Service und Termintreue! Sonderanfertigungen nach Wunsch! Fragen Sie uns! Leben Sie nat\u00fcrlich mit Holz und in Harmonie durch Feng Shui. Wir laden Sie ein [&hellip;]<\/p>\n","protected":false},"author":1,"featured_media":0,"parent":0,"menu_order":0,"comment_status":"closed","ping_status":"closed","template":"page-templates\/page-nosidebars.php","meta":[],"_links":{"self":[{"href":"https:\/\/mittner.de\/index.php?rest_route=\/wp\/v2\/pages\/198"}],"collection":[{"href":"https:\/\/mittner.de\/index.php?rest_route=\/wp\/v2\/pages"}],"about":[{"href":"https:\/\/mittner.de\/index.php?rest_route=\/wp\/v2\/types\/page"}],"author":[{"embeddable":true,"href":"https:\/\/mittner.de\/index.php?rest_route=\/wp\/v2\/users\/1"}],"replies":[{"embeddable":true,"href":"https:\/\/mittner.de\/index.php?rest_route=%2Fwp%2Fv2%2Fcomments&post=198"}],"version-history":[{"count":17,"href":"https:\/\/mittner.de\/index.php?rest_route=\/wp\/v2\/pages\/198\/revisions"}],"predecessor-version":[{"id":617,"href":"https:\/\/mittner.de\/index.php?rest_route=\/wp\/v2\/pages\/198\/revisions\/617"}],"wp:attachment":[{"href":"https:\/\/mittner.de\/index.php?rest_route=%2Fwp%2Fv2%2Fmedia&parent=198"}],"curies":[{"name":"wp","href":"https:\/\/api.w.org\/{rel}","templated":true}]}}