{"id":131,"date":"2018-07-14T10:35:45","date_gmt":"2018-07-14T10:35:45","guid":{"rendered":"http:\/\/mittner.de\/?page_id=131"},"modified":"2018-07-15T08:34:24","modified_gmt":"2018-07-15T08:34:24","slug":"tipps","status":"publish","type":"page","link":"https:\/\/mittner.de\/?page_id=131","title":{"rendered":"Tipps"},"content":{"rendered":"<p><img loading=\"lazy\" class=\"alignnone size-full wp-image-214 aligncenter\" src=\"https:\/\/mittner.de\/wp-content\/uploads\/2018\/07\/tipps.png\" alt=\"\" width=\"452\" height=\"72\" srcset=\"https:\/\/mittner.de\/wp-content\/uploads\/2018\/07\/tipps.png 452w, https:\/\/mittner.de\/wp-content\/uploads\/2018\/07\/tipps-300x48.png 300w\" sizes=\"(max-width: 452px) 100vw, 452px\" \/><\/p>\n<p>&nbsp;<\/p>\n<div style=\"text-align: center;\">\n<table style=\"width: 70%; text-align: center width: 39.22716627634661%; border-collapse: collapse; border-style: none;\" border=\"1\">\n<tbody>\n<tr style=\"height: 20px;\">\n<td style=\"width: 58.87096774193549%; border-style: none; text-align: center;\"><span style=\"font-family: arial, helvetica, sans-serif; font-size: 14pt; color: #000000;\"><b class=\"BODY\">\u00a0<\/b><\/span><\/td>\n<td style=\"width: 45.16129032258065%; background-color: #fffcad; height: 20px; border-color: #cccccc; text-align: center;\"><span style=\"font-family: arial, helvetica, sans-serif; font-size: 14pt; color: #000000;\"><b class=\"BODY\">Verkaufsoffener Sonntag<\/b><\/span><\/td>\n<\/tr>\n<tr style=\"height: 338px;\">\n<td style=\"width: 58.87096774193549%; border-style: none; text-align: center;\"><span style=\"color: #000000; font-family: arial, helvetica, sans-serif;\"><span class=\"auto-style5\">\u00a0<\/span><\/span><\/td>\n<td style=\"width: 45.16129032258065%; height: 313px; border-color: #cccccc; text-align: center;\">\n<table style=\"width: 100%; border-collapse: collapse; border-style: none;\" border=\"1\">\n<tbody>\n<tr style=\"height: 42px;\">\n<td style=\"width: 52.99145299145299%; border-style: none; height: 42px;\"><span style=\"caret-color: #000000; color: #000000; font-family: arial, helvetica, sans-serif;\">Sonntag 11.03.2018<\/span><\/td>\n<td style=\"width: 47.00854700854701%; border-style: none; height: 42px;\"><span style=\"caret-color: #000000; color: #000000; font-family: arial, helvetica, sans-serif;\">Mittfastenmarkt<\/span><\/td>\n<\/tr>\n<tr style=\"height: 42px;\">\n<td style=\"width: 52.99145299145299%; border-style: none; height: 42px;\"><span style=\"caret-color: #000000; color: #000000; font-family: arial, helvetica, sans-serif;\">Sonntag 22.04.2018<\/span><\/td>\n<td style=\"width: 47.00854700854701%; border-style: none; height: 42px;\"><span style=\"caret-color: #000000; color: #000000; font-family: arial, helvetica, sans-serif;\">Georgimarkt<\/span><\/td>\n<\/tr>\n<tr style=\"height: 42px;\">\n<td style=\"width: 52.99145299145299%; border-style: none; height: 42px;\"><span style=\"caret-color: #000000; color: #000000; font-family: arial, helvetica, sans-serif;\">Sonntag 30.09.2018<\/span><\/td>\n<td style=\"width: 47.00854700854701%; border-style: none; height: 42px;\"><span style=\"caret-color: #000000; color: #000000; font-family: arial, helvetica, sans-serif;\">Michaelimarkt<\/span><\/td>\n<\/tr>\n<tr style=\"height: 42px;\">\n<td style=\"width: 52.99145299145299%; border-style: none; height: 42px;\"><span style=\"caret-color: #000000; color: #000000; font-family: arial, helvetica, sans-serif;\">Sonntag 25.11.2018<\/span><\/td>\n<td style=\"width: 47.00854700854701%; border-style: none; height: 42px;\"><span style=\"caret-color: #000000; color: #000000; font-family: arial, helvetica, sans-serif;\">Kathreinsmarkt<\/span><\/td>\n<\/tr>\n<\/tbody>\n<\/table>\n<div align=\"CENTER\">\n<p>&nbsp;<\/p>\n<\/div>\n<p align=\"center\"><span style=\"color: #000000;\"><strong><span style=\"font-family: 'Britannic Bold'; font-size: 18pt;\">mittner<\/span> <span style=\"font-family: Britannic Bold; font-size: medium;\">Das ist mein Schreiner<\/span><\/strong><\/span><\/p>\n<p align=\"center\"><img loading=\"lazy\" class=\"alignnone wp-image-166\" src=\"https:\/\/mittner.de\/wp-content\/uploads\/2018\/07\/schaetze-alt-neu-sn.png\" alt=\"\" width=\"234\" height=\"38\" srcset=\"https:\/\/mittner.de\/wp-content\/uploads\/2018\/07\/schaetze-alt-neu-sn.png 900w, https:\/\/mittner.de\/wp-content\/uploads\/2018\/07\/schaetze-alt-neu-sn-300x49.png 300w, https:\/\/mittner.de\/wp-content\/uploads\/2018\/07\/schaetze-alt-neu-sn-768x125.png 768w\" sizes=\"(max-width: 234px) 100vw, 234px\" \/><\/p>\n<\/td>\n<\/tr>\n<\/tbody>\n<\/table>\n<\/div>\n<p>&nbsp;<\/p>\n<p>&nbsp;<\/p>\n<p style=\"text-align: center;\"><span style=\"color: #000000;\"><b><span style=\"font-size: x-large;\">130 Jahre<br \/>\nLiebe zum Holz bewiesen<\/span> <\/b><\/span><\/p>\n<p style=\"text-align: center;\"><img loading=\"lazy\" class=\"alignnone size-full wp-image-158\" src=\"https:\/\/mittner.de\/wp-content\/uploads\/2018\/07\/neu_alle_zusammen.jpg\" alt=\"\" width=\"630\" height=\"272\" srcset=\"https:\/\/mittner.de\/wp-content\/uploads\/2018\/07\/neu_alle_zusammen.jpg 630w, https:\/\/mittner.de\/wp-content\/uploads\/2018\/07\/neu_alle_zusammen-300x130.jpg 300w\" sizes=\"(max-width: 630px) 100vw, 630px\" \/><\/p>\n<p align=\"center\"><span style=\"font-size: small;\">von links: <\/span><span style=\"font-size: medium;\"><span style=\"font-size: small;\">Sen. Chefin Irene Mittner, Chef Johann Mittner jun., Lea 5. Generation,<\/span><\/span><\/p>\n<p align=\"center\"><span style=\"font-size: medium;\"><span style=\"font-size: small;\">Angelika Mittner &#8211; Ehefrau, <\/span><\/span><span style=\"font-size: medium;\"><span style=\"font-size: small;\">Sen. Chef Johann Mittner<\/span><\/span><\/p>\n<p align=\"center\"><img loading=\"lazy\" class=\"size-full wp-image-98 aligncenter\" src=\"https:\/\/mittner.de\/wp-content\/uploads\/2018\/07\/Baum_Inn-1.jpg\" alt=\"\" width=\"320\" height=\"240\" srcset=\"https:\/\/mittner.de\/wp-content\/uploads\/2018\/07\/Baum_Inn-1.jpg 320w, https:\/\/mittner.de\/wp-content\/uploads\/2018\/07\/Baum_Inn-1-300x225.jpg 300w\" sizes=\"(max-width: 320px) 100vw, 320px\" \/><\/p>\n<p align=\"center\">\n<p align=\"center\">\n<table style=\"height: 30px; width: 100%; border-collapse: collapse;\" border=\"1\">\n<tbody>\n<tr style=\"height: 11px;\">\n<td style=\"width: 100%; background-color: #fffcad; height: 11px; border-color: #cccccc; text-align: center;\"><span style=\"font-size: 12pt; font-family: arial, helvetica, sans-serif; color: #000000;\">Holz mit geheimnisvollen Kr\u00e4ften im Bund<\/span><\/td>\n<\/tr>\n<\/tbody>\n<\/table>\n<p>&nbsp;<\/p>\n<p style=\"text-align: center;\"><span class=\"BODY\" style=\"color: #000000;\"><span class=\"Standart\"><b>Bei Vollmond gef\u00e4lltes Holz<\/b><\/span><\/span><\/p>\n<p class=\"Schrift10\" style=\"text-align: center;\"><span class=\"BODY\" style=\"color: #000000;\"><span class=\"Standart\"><span class=\"Schrift10\">trocknet schlecht, d.h. am langsamsten, denn es steht im Vollsaft. Vollsaftiges Holz wird jedoch f\u00fcr verschiedene Vorhaben ben\u00f6tigt. Wie f\u00fcr solche Bauwerke, welche im Wasser stehen. Der eigene saftige Zustand verhindert ein Eindringen des Wassers und das dadurch bewirkte Aufweichen des Holzes.<\/span><\/span><\/span><\/p>\n<p class=\"Schrift10\" style=\"text-align: center;\"><span class=\"BODY\" style=\"color: #000000;\"><span class=\"Standart\"><span class=\"Schrift10\"><b class=\"BODY\"><br \/>\n<\/b><b>Bei abnehmendem Mond gef\u00e4lltes Holz<\/b><\/span><\/span><\/span><\/p>\n<p class=\"BODY\" style=\"text-align: center;\"><span class=\"BODY\" style=\"color: #000000;\"><span class=\"Standart\">trocknet schnell, denn der Saftfluss aus dem Boden entwickelt sich r\u00fcckl\u00e4ufig bis zu einem Minimum und ger\u00e4t gegen Neumond hin ins stocken<\/span><\/span><\/p>\n<p style=\"text-align: center;\"><span class=\"BODY\" style=\"color: #000000;\"><span class=\"Standart\"><span class=\"Schrift10\"><b class=\"BODY\"><br \/>\n<\/b><b>Im Neumond gef\u00e4lltes Holz<\/b><\/span><\/span><\/span><\/p>\n<p style=\"text-align: center;\"><span class=\"BODY\" style=\"color: #000000;\"><span class=\"Standart\">ist dementsprechend -leer-, der Saftfluss langt bei seinem Minimum an oder steht vollkommen still. Das Holz verbleibt in ann\u00e4hernd saftleeren Zustand<\/span><\/span><\/p>\n<p style=\"text-align: center;\"><span class=\"BODY\" style=\"color: #000000;\"><span class=\"Standart\"><span class=\"Schrift10\"><b class=\"BODY\"><br \/>\n<\/b><b>Bei zunehmendem Mond gef\u00e4lltes Holz<\/b><\/span><\/span><\/span><\/p>\n<p style=\"text-align: center;\"><span class=\"BODY\" style=\"color: #000000;\"><span class=\"Standart\">trocknet schlecht und wird gerne von Insekten befallen.<\/span><\/span><\/p>\n<p>&nbsp;<\/p>\n<p>&nbsp;<\/p>\n<table style=\"width: 100%; border-collapse: collapse; border-color: #ccccc;\" border=\"1\">\n<tbody>\n<tr>\n<td style=\"width: 100%; background-color: #fffcad; border-color: #cccccc; text-align: center;\"><span style=\"font-size: 12pt; font-family: arial, helvetica, sans-serif; color: #000000;\"><b class=\"BODY\"><span class=\"Ueberschrift_zentriert\">Lebensr\u00e4ume mit Feng Shui<\/span><\/b><\/span><\/td>\n<\/tr>\n<\/tbody>\n<\/table>\n<p>&nbsp;<\/p>\n<p class=\"Schrift10\" style=\"text-align: center;\"><span class=\"BODY\" style=\"font-family: arial, helvetica, sans-serif; font-size: 12pt; color: #000000;\"><span class=\"Standart\"><span class=\"Schrift10\">Richtig angewandt, gibt es keinen Widerspruch zwischen guter Gestaltung und gutem <b>Feng Shui.<\/b><\/span><\/span><\/span><\/p>\n<p>&nbsp;<\/p>\n<p style=\"text-align: center;\"><span class=\"BODY\" style=\"font-family: arial, helvetica, sans-serif; font-size: 12pt; color: #000000;\"><span class=\"Standart\"><span class=\"Schrift10\"><b>Feng Shui<\/b> ist eine Aufforderung an alle, alte Wege zu verlassen, Neues auszuprobieren, seinen Gef\u00fchlen zu folgen und die eigene Intuition f\u00fcr R\u00e4ume und M\u00f6bel wieder zu entdecken. Die Schwingungen, Stimmungen eines Raumes, seine Ausstrahlung, das ist auch sein Feng Shui. Harmonie ist die Balance der Energien von Orten und der Lebensenergien der Menschen. Sie ist lautlos, fast unsichtbar. Feng Shui ist nicht wissenschaftlich in unserem westlichen Sinn. Es l\u00e4sst sich nicht beweisen, es funktioniert einfach. <\/span><\/span><\/span><\/p>\n<p>&nbsp;<\/p>\n<p><img loading=\"lazy\" class=\"aligncenter wp-image-97 size-medium\" src=\"https:\/\/mittner.de\/wp-content\/uploads\/2018\/07\/Fengshui-300x239.jpg\" alt=\"\" width=\"300\" height=\"239\" srcset=\"https:\/\/mittner.de\/wp-content\/uploads\/2018\/07\/Fengshui-300x239.jpg 300w, https:\/\/mittner.de\/wp-content\/uploads\/2018\/07\/Fengshui.jpg 553w\" sizes=\"(max-width: 300px) 100vw, 300px\" \/><\/p>\n","protected":false},"excerpt":{"rendered":"<p>&nbsp; \u00a0 Verkaufsoffener Sonntag \u00a0 Sonntag 11.03.2018 Mittfastenmarkt Sonntag 22.04.2018 Georgimarkt Sonntag 30.09.2018 Michaelimarkt Sonntag 25.11.2018 Kathreinsmarkt &nbsp; mittner Das ist mein Schreiner &nbsp; &nbsp; 130 Jahre Liebe zum Holz bewiesen von links: Sen. Chefin Irene Mittner, Chef Johann Mittner jun., Lea 5. Generation, Angelika Mittner &#8211; Ehefrau, Sen. Chef Johann Mittner Holz mit geheimnisvollen [&hellip;]<\/p>\n","protected":false},"author":1,"featured_media":0,"parent":0,"menu_order":0,"comment_status":"closed","ping_status":"closed","template":"page-templates\/page-nosidebars.php","meta":[],"_links":{"self":[{"href":"https:\/\/mittner.de\/index.php?rest_route=\/wp\/v2\/pages\/131"}],"collection":[{"href":"https:\/\/mittner.de\/index.php?rest_route=\/wp\/v2\/pages"}],"about":[{"href":"https:\/\/mittner.de\/index.php?rest_route=\/wp\/v2\/types\/page"}],"author":[{"embeddable":true,"href":"https:\/\/mittner.de\/index.php?rest_route=\/wp\/v2\/users\/1"}],"replies":[{"embeddable":true,"href":"https:\/\/mittner.de\/index.php?rest_route=%2Fwp%2Fv2%2Fcomments&post=131"}],"version-history":[{"count":55,"href":"https:\/\/mittner.de\/index.php?rest_route=\/wp\/v2\/pages\/131\/revisions"}],"predecessor-version":[{"id":374,"href":"https:\/\/mittner.de\/index.php?rest_route=\/wp\/v2\/pages\/131\/revisions\/374"}],"wp:attachment":[{"href":"https:\/\/mittner.de\/index.php?rest_route=%2Fwp%2Fv2%2Fmedia&parent=131"}],"curies":[{"name":"wp","href":"https:\/\/api.w.org\/{rel}","templated":true}]}}