{"id":125,"date":"2018-07-14T10:34:50","date_gmt":"2018-07-14T10:34:50","guid":{"rendered":"http:\/\/mittner.de\/?page_id=125"},"modified":"2018-07-15T08:26:13","modified_gmt":"2018-07-15T08:26:13","slug":"firmengeschichte","status":"publish","type":"page","link":"https:\/\/mittner.de\/?page_id=125","title":{"rendered":"Firmengeschichte"},"content":{"rendered":"<p><img loading=\"lazy\" class=\"alignnone size-full wp-image-220 aligncenter\" src=\"https:\/\/mittner.de\/wp-content\/uploads\/2018\/07\/firmengeschichte.png\" alt=\"\" width=\"384\" height=\"68\" srcset=\"https:\/\/mittner.de\/wp-content\/uploads\/2018\/07\/firmengeschichte.png 384w, https:\/\/mittner.de\/wp-content\/uploads\/2018\/07\/firmengeschichte-300x53.png 300w\" sizes=\"(max-width: 384px) 100vw, 384px\" \/><\/p>\n<p style=\"text-align: center;\"><img loading=\"lazy\" class=\"alignnone size-full wp-image-328\" src=\"https:\/\/mittner.de\/wp-content\/uploads\/2018\/07\/Wst_Dr-1.jpg\" alt=\"\" width=\"468\" height=\"351\" srcset=\"https:\/\/mittner.de\/wp-content\/uploads\/2018\/07\/Wst_Dr-1.jpg 468w, https:\/\/mittner.de\/wp-content\/uploads\/2018\/07\/Wst_Dr-1-300x225.jpg 300w\" sizes=\"(max-width: 468px) 100vw, 468px\" \/><\/p>\n<p style=\"text-align: center;\"><span style=\"font-size: 18pt; color: #339966; font-family: arial, helvetica, sans-serif;\"><b>Das ist mein Schreiner<\/b><\/span><\/p>\n<p>&nbsp;<\/p>\n<p>&nbsp;<\/p>\n<table style=\"width: 100%; border-collapse: collapse; border-color: #cccccc;\" border=\"1\">\n<tbody>\n<tr style=\"height: 36px;\">\n<th style=\"width: 100%; height: 48px; border-style: none;\">\n<p align=\"center\"><span class=\"Standart\" style=\"color: #000000; font-family: arial, helvetica, sans-serif; font-size: 12pt;\"><b><span style=\"color: #000000; font-family: arial, helvetica, sans-serif;\">Traditionelles Handwerk in der vierten Generation: Die Schreinerei Mittner<\/span><\/b><\/span><\/p>\n<\/th>\n<\/tr>\n<tr style=\"height: 66px;\">\n<td style=\"width: 100%; height: 66px; border-style: none;\">\n<p align=\"center\"><span class=\"Standart\" style=\"color: #000000; font-family: arial, helvetica, sans-serif;\"><span style=\"font-size: x-large;\"><b>130 Jahre pure Leidenschaft<\/b><\/span><\/span><\/p>\n<\/td>\n<\/tr>\n<tr style=\"height: 329px;\">\n<td style=\"width: 100%; border-style: none; height: 329px;\"><img loading=\"lazy\" class=\"size-full wp-image-170 aligncenter\" src=\"https:\/\/mittner.de\/wp-content\/uploads\/2018\/07\/DSC_1330-800x532-1.jpg\" alt=\"\" width=\"800\" height=\"532\" srcset=\"https:\/\/mittner.de\/wp-content\/uploads\/2018\/07\/DSC_1330-800x532-1.jpg 800w, https:\/\/mittner.de\/wp-content\/uploads\/2018\/07\/DSC_1330-800x532-1-300x200.jpg 300w, https:\/\/mittner.de\/wp-content\/uploads\/2018\/07\/DSC_1330-800x532-1-768x511.jpg 768w\" sizes=\"(max-width: 800px) 100vw, 800px\" \/><\/td>\n<\/tr>\n<tr style=\"height: 540px;\">\n<td style=\"width: 100%; height: 540px; border-style: none;\"><span style=\"color: #000000; font-family: arial, helvetica, sans-serif;\"><strong>Ein bisserl versteckt liegen die Schreinerei \u201eMittner Naturholzm\u00f6bel\u201c und das Gesch\u00e4ft \u201eSch\u00e4tze alt\u00a0und neu\u201c in\u00a0der Tr\u00e4nkgasse in Wasserburg schon. Und doch finden nicht nur die alt eingesessenen Wasserburger ihren Weg in den heimeligen Familienbetrieb \u2013 auch gro\u00dfe Firmen aus ganz Bayern sowie viele Touristen sind Kunden der Familie Mittner. Seit der \u00dcbergabe der Schreinerei durch Schreinermeister Johann Mittner an Sohn Johann junior vor zehn Jahren widmet sich der Senior Chef der Metallarbeit und weniger dem\u00a0Holz \u2026<\/strong><\/span><\/p>\n<p><span style=\"color: #000000; font-family: arial, helvetica, sans-serif;\">Liebevoll dekoriert und drapiert stehen die Sch\u00e4tze der Familie Mittner im Innenhof und im kleinen Laden neben der Schreinerei und warten auf ihre potenziellen K\u00e4ufer. \u201eWir bekommen viele alte Gegenst\u00e4nde, wie zum Beispiel Schl\u00f6sser, die wir dann erst noch herrichten, bevor wir sie verkaufen k\u00f6nnen\u201c, erkl\u00e4rt Johann Mittner senior.<\/span><\/p>\n<p><span style=\"color: #000000; font-family: arial, helvetica, sans-serif;\"><strong>Der ehemalige\u00a0Meister der Schreinerei repariert aber nicht nur alte Gebrauchsgegenst\u00e4nde \u2013 seit einigen Jahren ist er von der Holzbearbeitung auf Eisen umgestiegen.<\/strong> Aus einem Hobby wurde im Laufe der Zeit eine Leidenschaft, die sich\u00a0ganz nebenbei auch noch als lukrativ herausstellte: Mit seinen selbst geh\u00e4mmerten Schl\u00fcsselschildern, T\u00fcrklopfern, Haken und weiteren kleinen, veredelten Sch\u00e4tzen aus rostigem Metall trifft er den Zeitgeist. \u201eDie Leute wollen Dekoartikel, die alt ausschauen. Ob sie es tats\u00e4chlich sind, oder nicht, ist ihnen meistens nicht so wichtig\u201c, schmunzelt Mittner. Einmal habe er sogar einen Kunden gehabt, der sich etwas ungerade Kanten und schiefe Schnitte an seinen Schildern extra gew\u00fcnscht hatte. \u201eDa habe ich mich doch ziemlich \u00fcberwinden m\u00fcssen, etwas absichtlich schief abzuschneiden. Aber nur so sieht es eben rustikal und handgemacht aus.\u201c<\/span><\/p>\n<p><span style=\"color: #000000; font-family: arial, helvetica, sans-serif;\"><strong>Seit der Gr\u00fcndung der Schreinerei durch Schreinermeister Franz Mittner\u00a01886\u00a0wurde das erarbeitete Wissen von Generation zu Generation\u00a0weitergegeben.<\/strong> Dabei entwickelte sich der Betrieb\u00a0mit jedem Mitglied der Familie Mittner\u00a0weiter. 2006\u00a0erfolgte die \u00dcbergabe an Johann junior Der Staatspreistr\u00e4ger\u00a0leitet die Schreinerei nun schon seit zehn Jahren. Auch er entwickelte sie durch Kreativit\u00e4t und Eifer weiter.<\/span><\/td>\n<\/tr>\n<\/tbody>\n<\/table>\n<p>&nbsp;<\/p>\n<p>&nbsp;<\/p>\n<table style=\"width: 100%; border-collapse: collapse; border-color: #cccccc;\" border=\"1\">\n<tbody>\n<tr>\n<td style=\"width: 100%; border-style: none; text-align: center;\"><span style=\"color: #000000; font-family: arial, helvetica, sans-serif; font-size: 12pt;\"><b><span class=\"Ueberschrift_zentriert\">Traditionelles Schreinerhandwerk in der 4. Generation<\/span><\/b><\/span><\/td>\n<\/tr>\n<tr>\n<td style=\"width: 100%; border-style: none; text-align: center;\"><span style=\"font-size: 18pt; font-family: arial, helvetica, sans-serif; color: #000000;\"><b>120 Jahre<br \/>\nLiebe zum Holz bewiesen<\/b><\/span><\/td>\n<\/tr>\n<tr>\n<td style=\"width: 100%; border-style: none; text-align: center;\"><span style=\"font-size: 12pt; font-family: arial, helvetica, sans-serif; color: #000000;\"><b><img loading=\"lazy\" class=\"alignnone size-full wp-image-158\" src=\"https:\/\/mittner.de\/wp-content\/uploads\/2018\/07\/neu_alle_zusammen.jpg\" alt=\"\" width=\"630\" height=\"272\" srcset=\"https:\/\/mittner.de\/wp-content\/uploads\/2018\/07\/neu_alle_zusammen.jpg 630w, https:\/\/mittner.de\/wp-content\/uploads\/2018\/07\/neu_alle_zusammen-300x130.jpg 300w\" sizes=\"(max-width: 630px) 100vw, 630px\" \/><\/b><\/span><\/td>\n<\/tr>\n<tr>\n<td style=\"width: 100%; border-style: none;\">\n<p style=\"text-align: center;\"><span style=\"color: #000000;\">von links: Senior Chefin Irene Mittner, Chef Johann Mittner jun., Lea 5. Generation, Angelika Mittner Ehefrau, Senior Chef Johann Mittner<\/span><\/p>\n<p style=\"text-align: center;\"><span style=\"color: #000000;\">Bild 2006<\/span><\/p>\n<\/td>\n<\/tr>\n<tr>\n<td style=\"width: 100%; border-style: none;\">\n<div align=\"center\">\n<p style=\"text-align: left;\" align=\"left\"><span style=\"color: #000000;\"><span class=\"Standart\"><b>1886<\/b> Gr\u00fcndung der Schreinerei durch Schreinermeister Franz Mittner.<br \/>\n<b><br \/>\n1927<\/b> \u00fcbernahm Sohn Ludwig Mittner, ebenfalls Schreinermeister den elterlichen Betrieb. Seine Ideen brachten der Handwerkstradition weiteren Aufschwung.<\/span><\/span><\/p>\n<p style=\"text-align: left;\"><span style=\"color: #000000;\"><b>1965<\/b> reihte sich Sohn Johann, gleichfalls Schreinermeister, mit \u00dcbernahme des Betriebes in die Familientradition ein. <span class=\"Standart\"><br \/>\n<b>1979<\/b> Erweiterung und Modernisierung des Betriebes mit Schwerpunkt Massivholzverarbeitung<\/span><\/span><\/p>\n<p style=\"text-align: left;\"><span style=\"color: #000000;\">Seit <b>1998 <\/b>steht ihm nunmehr in der 4. Generation, Sohn Johann jun. als weiterer Schreinermeister, ausgezeichnet mit einem Staatspreis, zur Seite.<\/span><\/p>\n<\/div>\n<p style=\"text-align: left;\"><span class=\"Standart\" style=\"color: #000000;\"><b>2006<\/b> erolgte die \u00dcbergabe an Sohn Johann jun. In jeder Generation wurde und wird die Lehrlings-Ausbildung zu einem wichtigen Bestreben, erarbeitetes Wissen weiterzugeben.<\/span><\/p>\n<p><span style=\"color: #000000;\">Seit der Gr\u00fcndung entstand nunmehr ein moderner und hochprofessioneller Betrieb, der das Holz als lebendes Material betrachtet und bearbeitet.<\/span><\/p>\n<p><span style=\"color: #000000;\">Heute ist das Unternehmen Mittner einer der letzten Handwerksbetriebe inmitten der Wasserburger Altstadt. Von der Anlieferung des Rohholzes bis zur Trocknung, Verarbeitung und Veredelung \u00fcber die individuelle Beratung bis hin zum Verkauf wird alles in der Schreinerei verwirklicht.. <\/span><br \/>\n<span style=\"color: #000000;\">Das Konzept des Unternehmens Naturholzm\u00f6bel Mittner steht f\u00fcr die nat\u00fcrliche Verarbeitung von Holz, f\u00fcr \u00e4u\u00dferste Genauigkeit in der Anfertigung und f\u00fcr die besondere Langlebigkeit der entstandenen Produkte. Es bew\u00e4hrt sich bereits seit 130 Jahren und soll in der n\u00e4chsten Generation konsequent fortgef\u00fchrt werden.<\/span><\/p>\n<p><span class=\"Standart\" style=\"color: #000000;\"><br \/>\nAls zus\u00e4tzlicher Service wird geboten, dass das zu verarbeitende Holz, zum<b> MOND-PHASEN<\/b> richtigen Zeitpunkt umgeschnitten wird. Die Naturharz-Hart\u00f6l-Behandlung rundet zum Schluss die umweltbewusste und gesunde Herstellung der M\u00f6bel ab.<\/span><\/p>\n<p><span style=\"color: #000000;\">Auch die hierzulande neu entdeckten<b> fern\u00f6stlichen Feng-Shui-Hinweise<\/b> f\u00fcr Wohnen und Einrichten werden vom Handwerksbetrieb ber\u00fccksichtigt, und dadurch ein besonderer zus\u00e4tzlicher Wohnkomfort garantiert.<\/span><\/p>\n<div align=\"center\">\n<p align=\"center\"><span class=\"Standart\" style=\"color: #000000;\"><b>Wir laden Sie ein zum virtuellen Rundgang in die Schreinerei, in das Freigel\u00e4nde: Sch\u00e4tze ALT + NEU, sowie in den Ladenbereich:\u00a0<\/b><\/span><\/p>\n<div align=\"center\"><b><a href=\"http:\/\/www.mittner.citipix.de\/\" target=\"_blank\" rel=\"noopener\"><u>360\u00b0-Firmenportrait<\/u><\/a><\/b><\/div>\n<\/div>\n<p style=\"text-align: center;\"><span style=\"color: #000000;\">\u00a0<\/span><\/p>\n<\/td>\n<\/tr>\n<\/tbody>\n<\/table>\n","protected":false},"excerpt":{"rendered":"<p>Das ist mein Schreiner &nbsp; &nbsp; Traditionelles Handwerk in der vierten Generation: Die Schreinerei Mittner 130 Jahre pure Leidenschaft Ein bisserl versteckt liegen die Schreinerei \u201eMittner Naturholzm\u00f6bel\u201c und das Gesch\u00e4ft \u201eSch\u00e4tze alt\u00a0und neu\u201c in\u00a0der Tr\u00e4nkgasse in Wasserburg schon. Und doch finden nicht nur die alt eingesessenen Wasserburger ihren Weg in den heimeligen Familienbetrieb \u2013 auch [&hellip;]<\/p>\n","protected":false},"author":1,"featured_media":0,"parent":0,"menu_order":0,"comment_status":"closed","ping_status":"closed","template":"page-templates\/page-nosidebars.php","meta":[],"_links":{"self":[{"href":"https:\/\/mittner.de\/index.php?rest_route=\/wp\/v2\/pages\/125"}],"collection":[{"href":"https:\/\/mittner.de\/index.php?rest_route=\/wp\/v2\/pages"}],"about":[{"href":"https:\/\/mittner.de\/index.php?rest_route=\/wp\/v2\/types\/page"}],"author":[{"embeddable":true,"href":"https:\/\/mittner.de\/index.php?rest_route=\/wp\/v2\/users\/1"}],"replies":[{"embeddable":true,"href":"https:\/\/mittner.de\/index.php?rest_route=%2Fwp%2Fv2%2Fcomments&post=125"}],"version-history":[{"count":28,"href":"https:\/\/mittner.de\/index.php?rest_route=\/wp\/v2\/pages\/125\/revisions"}],"predecessor-version":[{"id":365,"href":"https:\/\/mittner.de\/index.php?rest_route=\/wp\/v2\/pages\/125\/revisions\/365"}],"wp:attachment":[{"href":"https:\/\/mittner.de\/index.php?rest_route=%2Fwp%2Fv2%2Fmedia&parent=125"}],"curies":[{"name":"wp","href":"https:\/\/api.w.org\/{rel}","templated":true}]}}